{"id":1175,"date":"2025-10-06T09:15:56","date_gmt":"2025-10-06T07:15:56","guid":{"rendered":"https:\/\/www.camping-ornans.com\/dienste\/"},"modified":"2025-11-19T15:13:12","modified_gmt":"2025-11-19T14:13:12","slug":"dienste","status":"publish","type":"page","link":"https:\/\/www.camping-ornans.com\/de\/dienste\/","title":{"rendered":"Dienste"},"content":{"rendered":"<div class=\"diaporama-header align-full\"><div class=\"gallery\"><figure class=\"gallery__item\"><picture><source srcset=\"https:\/\/www.camping-ornans.com\/wp-content\/uploads\/2025\/10\/animation-danse-420x280.webp\" media=\"(max-width: 210px)\"><source srcset=\"https:\/\/www.camping-ornans.com\/wp-content\/uploads\/2025\/10\/animation-danse-850x567.webp\" media=\"(max-width: 420px)\"><source srcset=\"https:\/\/www.camping-ornans.com\/wp-content\/uploads\/2025\/10\/animation-danse-768x512.webp\" media=\"(max-width: 850px)\"><source srcset=\"https:\/\/www.camping-ornans.com\/wp-content\/uploads\/2025\/10\/animation-danse-1024x683.webp\" media=\"(max-width: 1024px)\"><source srcset=\"https:\/\/www.camping-ornans.com\/wp-content\/uploads\/2025\/10\/animation-danse.webp\" media=\"(min-width: 1025px)\"><img loading=\"lazy\" decoding=\"async\" src=\"https:\/\/www.camping-ornans.com\/wp-content\/uploads\/2025\/10\/animation-danse-420x280.webp\" width=\"420\" height=\"210\" alt=\"\" title=\"\"><\/picture><\/figure><\/div><div class=\"diaporama-header__inner\"><p class=\"wording center\" style=\"text-align: center;\"  >Ein Kokon aus bezaubernden <span class=\"fc-span\">Dienstleistungen f\u00fcr Ihren Aufenthalt auf der Domaine<\/span><\/p><\/div><\/div>\n\n<div class=\"group align-full has-bg has-vert-bg-color\" style=\"background-color:var(--vert);\"><div class=\"columns reverse-mob\" style=\"align-items:center;\"><div class=\"columns__item fade-left\" style=\"align-self:center;\"><div class=\"gallery grid\"><figure class=\"gallery__item\"><picture><source srcset=\"https:\/\/www.camping-ornans.com\/wp-content\/uploads\/2025\/10\/IMG_1296-420x280.webp\" media=\"(max-width: 210px)\"><source srcset=\"https:\/\/www.camping-ornans.com\/wp-content\/uploads\/2025\/10\/IMG_1296-850x567.webp\" media=\"(max-width: 420px)\"><source srcset=\"https:\/\/www.camping-ornans.com\/wp-content\/uploads\/2025\/10\/IMG_1296-768x512.webp\" media=\"(max-width: 850px)\"><source srcset=\"https:\/\/www.camping-ornans.com\/wp-content\/uploads\/2025\/10\/IMG_1296-1024x683.webp\" media=\"(max-width: 1024px)\"><source srcset=\"https:\/\/www.camping-ornans.com\/wp-content\/uploads\/2025\/10\/IMG_1296.webp\" media=\"(min-width: 1025px)\"><img decoding=\"async\" src=\"https:\/\/www.camping-ornans.com\/wp-content\/uploads\/2025\/10\/IMG_1296-420x280.webp\" width=\"420\" height=\"210\" loading=\"lazy\" alt=\"\" title=\"\"><\/picture><\/figure><figure class=\"gallery__item\"><picture><source srcset=\"https:\/\/www.camping-ornans.com\/wp-content\/uploads\/2025\/11\/IMG_7393-copie-420x420.webp\" media=\"(max-width: 210px)\"><source srcset=\"https:\/\/www.camping-ornans.com\/wp-content\/uploads\/2025\/11\/IMG_7393-copie-850x850.webp\" media=\"(max-width: 420px)\"><source srcset=\"https:\/\/www.camping-ornans.com\/wp-content\/uploads\/2025\/11\/IMG_7393-copie-768x768.webp\" media=\"(max-width: 850px)\"><source srcset=\"https:\/\/www.camping-ornans.com\/wp-content\/uploads\/2025\/11\/IMG_7393-copie-1024x1024.webp\" media=\"(max-width: 1024px)\"><source srcset=\"https:\/\/www.camping-ornans.com\/wp-content\/uploads\/2025\/11\/IMG_7393-copie.webp\" media=\"(min-width: 1025px)\"><img decoding=\"async\" src=\"https:\/\/www.camping-ornans.com\/wp-content\/uploads\/2025\/11\/IMG_7393-copie-420x420.webp\" width=\"420\" height=\"210\" loading=\"lazy\" alt=\"\" title=\"\"><\/picture><\/figure><\/div><\/div><div class=\"columns__item fade-right\" style=\"align-self:center;\"><h1 class=\"h1\">Wenn die Magie <span class=\"fc-span\">erwacht, die Animationen des Anwesens<\/span><\/h1><p   id=\"gid_0\" >In der Morgend\u00e4mmerung, wenn das Tal erwacht, mischt sich das erste Kinderlachen mit dem Gesang der V\u00f6gel. Hier dehnt sich die Zeit sanft aus: man spielt <g id=\"gid_0\">Holzspiele<\/g> im Schatten der B\u00e4ume, man teilt <g id=\"gid_1\">Brettspiele <\/g>mit der Familie, man genie\u00dft einfach den Augenblick. Im Juli und August sorgt unser Animationsteam daf\u00fcr, dass jeder Tag im Zeichen des <strong>Slow Tourism<\/strong> steht, zwischen Geselligkeit, Entspannung und gemeinsamem Wohlbefinden.  <\/p><div class=\"lireplus fc-mob\"><p    >Lesen Sie mehr<\/p><div class=\"group\"><p    >Hier gibt es keinen L\u00e4rm, nur die einfache Freude, zusammen zu sein, zu entdecken und zu atmen. Die J\u00fcngsten besuchen den <strong>Kinderclub<\/strong> (4-12 Jahre) von Sonntag bis Freitag ab 10 Uhr: Basteln in der Natur, Spiele im Freien, Entdeckung des <strong>Lehrgartens<\/strong> oder des <strong>Parcours Al\u00e9sia<\/strong>. Ein sanftes Eintauchen in die Natur, um spielerisch zu lernen, im Herzen des <strong>Doubs<\/strong> und der <strong>Jura-Berge<\/strong>.  <\/p><\/div><\/div><div class=\"buttons\"><span class=\"buttons__btn btn-resa\">Buchen Sie<\/span><\/div><\/div><\/div><figure class=\"deco ornement bas droite\"><picture><source srcset=\"https:\/\/www.camping-ornans.com\/wp-content\/uploads\/2024\/12\/deco-ornement-bd.webp\" media=\"(max-width: 210px)\"><source srcset=\"https:\/\/www.camping-ornans.com\/wp-content\/uploads\/2024\/12\/deco-ornement-bd.webp\" media=\"(max-width: 420px)\"><source srcset=\"https:\/\/www.camping-ornans.com\/wp-content\/uploads\/2024\/12\/deco-ornement-bd.webp\" media=\"(max-width: 850px)\"><source srcset=\"https:\/\/www.camping-ornans.com\/wp-content\/uploads\/2024\/12\/deco-ornement-bd.webp\" media=\"(max-width: 1024px)\"><source srcset=\"https:\/\/www.camping-ornans.com\/wp-content\/uploads\/2024\/12\/deco-ornement-bd.webp\" media=\"(min-width: 1025px)\"><img decoding=\"async\" src=\"https:\/\/www.camping-ornans.com\/wp-content\/uploads\/2024\/12\/deco-ornement-bd.webp\" width=\"420\" height=\"210\" loading=\"lazy\" alt=\"\" title=\"\"><\/picture><\/figure><\/div>\n\n<div class=\"group align-full has-bg has-dore-bg-color\" style=\"background-color:var(--dore);\"><div class=\"columns\" style=\"align-items:center;\"><div class=\"columns__item fade-left\" style=\"align-self:center;\"><h2 class=\"h1\">Abendlicher Genuss <span class=\"fc-span\">auf der Dom\u00e4ne La Roche d&#8217;Ully<\/span><\/h2><p   id=\"gid_1\" >Im Herzen des Anwesens l\u00e4dt <strong>La Tabl\u00e9e des Druides<\/strong> Reisende und Feinschmecker zu einem magischen Festmahl ein. In einer warmen, <g id=\"gid_1\">keltischen Atmosph\u00e4re<\/g> genie\u00dfen Sie <g id=\"gid_2\">traditionelle Cr\u00eapes<\/g> und <g id=\"gid_3\">hausgemachte Burger<\/g>, die mit Produkten zubereitet werden, die <g id=\"gid_4\">weniger als 80 km entfernt<\/g> sind. Am Morgen wird die Terrasse f\u00fcr ein <strong>Fr\u00fchst\u00fcck<\/strong> beleuchtet und am Abend wird bei <strong>Aperitifs, Bier, Wein und eisgek\u00fchlten<\/strong> Leckereien gelacht.  <\/p><div class=\"lireplus fc-mob\"><p    >Lesen Sie mehr<\/p><div class=\"group\"><p    >La Tabl\u00e9e ist in der <strong>Nebensaison<\/strong> jeden Morgen sowie <strong>donnerstags, freitags und samstags abends<\/strong> ge\u00f6ffnet und in der <strong>Hochsaison<\/strong> <strong>t\u00e4glich morgens und abends<\/strong>. Hier wird jede Mahlzeit zu einem Moment der Ruhe, des Teilens, der Aromen und der Legende. <\/p><\/div><\/div><div class=\"buttons\"><a href=\"https:\/\/www.camping-ornans.com\/wp-content\/uploads\/2024\/12\/2024_04_Pancarte_menu_restaurant-1.pdf\" rel=\"noreferrer noopener\" rel=\"noreferrer noopener\" target=\"_blank\" rel=\"noreferrer noopener\" rel=\"noreferrer noopener\" rel=\"noreferrer noopener\" rel=\"noreferrer noopener\" class=\"buttons__btn\">Entdecken Sie die Karte<\/a><\/div><figure class=\"deco relative bas droite\"><picture><source srcset=\"https:\/\/www.camping-ornans.com\/wp-content\/uploads\/2024\/12\/deco-fee-vert.webp\" media=\"(max-width: 210px)\"><source srcset=\"https:\/\/www.camping-ornans.com\/wp-content\/uploads\/2024\/12\/deco-fee-vert.webp\" media=\"(max-width: 420px)\"><source srcset=\"https:\/\/www.camping-ornans.com\/wp-content\/uploads\/2024\/12\/deco-fee-vert.webp\" media=\"(max-width: 850px)\"><source srcset=\"https:\/\/www.camping-ornans.com\/wp-content\/uploads\/2024\/12\/deco-fee-vert.webp\" media=\"(max-width: 1024px)\"><source srcset=\"https:\/\/www.camping-ornans.com\/wp-content\/uploads\/2024\/12\/deco-fee-vert.webp\" media=\"(min-width: 1025px)\"><img decoding=\"async\" src=\"https:\/\/www.camping-ornans.com\/wp-content\/uploads\/2024\/12\/deco-fee-vert.webp\" width=\"420\" height=\"210\" loading=\"lazy\" alt=\"\" title=\"\"><\/picture><\/figure><\/div><div class=\"columns__item fade-up\" style=\"align-self:center;\" data-fc=\"\"><div class=\"gallery small f-carousel fc-diapo\" data-fancybox=\"gallery\"><figure class=\"gallery__item\"><picture><source srcset=\"https:\/\/www.camping-ornans.com\/wp-content\/uploads\/2025\/10\/2024_Resto_Planche-315x420.webp\" media=\"(max-width: 210px)\"><source srcset=\"https:\/\/www.camping-ornans.com\/wp-content\/uploads\/2025\/10\/2024_Resto_Planche-638x850.webp\" media=\"(max-width: 420px)\"><source srcset=\"https:\/\/www.camping-ornans.com\/wp-content\/uploads\/2025\/10\/2024_Resto_Planche-768x1024.webp\" media=\"(max-width: 850px)\"><source srcset=\"https:\/\/www.camping-ornans.com\/wp-content\/uploads\/2025\/10\/2024_Resto_Planche-768x1024.webp\" media=\"(max-width: 1024px)\"><source srcset=\"https:\/\/www.camping-ornans.com\/wp-content\/uploads\/2025\/10\/2024_Resto_Planche.webp\" media=\"(min-width: 1025px)\"><img decoding=\"async\" src=\"https:\/\/www.camping-ornans.com\/wp-content\/uploads\/2025\/10\/2024_Resto_Planche-315x420.webp\" width=\"420\" height=\"210\" loading=\"lazy\" alt=\"\" title=\"\"><\/picture><\/figure><figure class=\"gallery__item\"><picture><source srcset=\"https:\/\/www.camping-ornans.com\/wp-content\/uploads\/2025\/10\/45121913-27ab-49ec-850d-d38339f0acbd-315x420.webp\" media=\"(max-width: 210px)\"><source srcset=\"https:\/\/www.camping-ornans.com\/wp-content\/uploads\/2025\/10\/45121913-27ab-49ec-850d-d38339f0acbd-638x850.webp\" media=\"(max-width: 420px)\"><source srcset=\"https:\/\/www.camping-ornans.com\/wp-content\/uploads\/2025\/10\/45121913-27ab-49ec-850d-d38339f0acbd-768x1024.webp\" media=\"(max-width: 850px)\"><source srcset=\"https:\/\/www.camping-ornans.com\/wp-content\/uploads\/2025\/10\/45121913-27ab-49ec-850d-d38339f0acbd-768x1024.webp\" media=\"(max-width: 1024px)\"><source srcset=\"https:\/\/www.camping-ornans.com\/wp-content\/uploads\/2025\/10\/45121913-27ab-49ec-850d-d38339f0acbd.webp\" media=\"(min-width: 1025px)\"><img decoding=\"async\" src=\"https:\/\/www.camping-ornans.com\/wp-content\/uploads\/2025\/10\/45121913-27ab-49ec-850d-d38339f0acbd-315x420.webp\" width=\"420\" height=\"210\" loading=\"lazy\" alt=\"\" title=\"\"><\/picture><\/figure><figure class=\"gallery__item\"><picture><source srcset=\"https:\/\/www.camping-ornans.com\/wp-content\/uploads\/2025\/10\/dd00729e-cf7a-44b3-9502-8b6ab3894c2e-315x420.webp\" media=\"(max-width: 210px)\"><source srcset=\"https:\/\/www.camping-ornans.com\/wp-content\/uploads\/2025\/10\/dd00729e-cf7a-44b3-9502-8b6ab3894c2e-638x850.webp\" media=\"(max-width: 420px)\"><source srcset=\"https:\/\/www.camping-ornans.com\/wp-content\/uploads\/2025\/10\/dd00729e-cf7a-44b3-9502-8b6ab3894c2e.webp\" media=\"(max-width: 850px)\"><source srcset=\"https:\/\/www.camping-ornans.com\/wp-content\/uploads\/2025\/10\/dd00729e-cf7a-44b3-9502-8b6ab3894c2e.webp\" media=\"(max-width: 1024px)\"><source srcset=\"https:\/\/www.camping-ornans.com\/wp-content\/uploads\/2025\/10\/dd00729e-cf7a-44b3-9502-8b6ab3894c2e.webp\" media=\"(min-width: 1025px)\"><img decoding=\"async\" src=\"https:\/\/www.camping-ornans.com\/wp-content\/uploads\/2025\/10\/dd00729e-cf7a-44b3-9502-8b6ab3894c2e-315x420.webp\" width=\"420\" height=\"210\" loading=\"lazy\" alt=\"\" title=\"\"><\/picture><\/figure><figure class=\"gallery__item\"><picture><source srcset=\"https:\/\/www.camping-ornans.com\/wp-content\/uploads\/2025\/10\/IMG_6814-258x420.webp\" media=\"(max-width: 210px)\"><source srcset=\"https:\/\/www.camping-ornans.com\/wp-content\/uploads\/2025\/10\/IMG_6814-522x850.webp\" media=\"(max-width: 420px)\"><source srcset=\"https:\/\/www.camping-ornans.com\/wp-content\/uploads\/2025\/10\/IMG_6814-768x1251.webp\" media=\"(max-width: 850px)\"><source srcset=\"https:\/\/www.camping-ornans.com\/wp-content\/uploads\/2025\/10\/IMG_6814-629x1024.webp\" media=\"(max-width: 1024px)\"><source srcset=\"https:\/\/www.camping-ornans.com\/wp-content\/uploads\/2025\/10\/IMG_6814-scaled.webp\" media=\"(min-width: 1025px)\"><img decoding=\"async\" src=\"https:\/\/www.camping-ornans.com\/wp-content\/uploads\/2025\/10\/IMG_6814-258x420.webp\" width=\"420\" height=\"210\" loading=\"lazy\" alt=\"\" title=\"\"><\/picture><\/figure><figure class=\"gallery__item\"><picture><source srcset=\"https:\/\/www.camping-ornans.com\/wp-content\/uploads\/2025\/10\/IMG_6933-301x420.webp\" media=\"(max-width: 210px)\"><source srcset=\"https:\/\/www.camping-ornans.com\/wp-content\/uploads\/2025\/10\/IMG_6933-609x850.webp\" media=\"(max-width: 420px)\"><source srcset=\"https:\/\/www.camping-ornans.com\/wp-content\/uploads\/2025\/10\/IMG_6933-768x1072.webp\" media=\"(max-width: 850px)\"><source srcset=\"https:\/\/www.camping-ornans.com\/wp-content\/uploads\/2025\/10\/IMG_6933-734x1024.webp\" media=\"(max-width: 1024px)\"><source srcset=\"https:\/\/www.camping-ornans.com\/wp-content\/uploads\/2025\/10\/IMG_6933-scaled.webp\" media=\"(min-width: 1025px)\"><img decoding=\"async\" src=\"https:\/\/www.camping-ornans.com\/wp-content\/uploads\/2025\/10\/IMG_6933-301x420.webp\" width=\"420\" height=\"210\" loading=\"lazy\" alt=\"\" title=\"\"><\/picture><\/figure><figure class=\"gallery__item\"><picture><source srcset=\"https:\/\/www.camping-ornans.com\/wp-content\/uploads\/2025\/10\/photo_2023-07-08_18-23-54-315x420.webp\" media=\"(max-width: 210px)\"><source srcset=\"https:\/\/www.camping-ornans.com\/wp-content\/uploads\/2025\/10\/photo_2023-07-08_18-23-54-638x850.webp\" media=\"(max-width: 420px)\"><source srcset=\"https:\/\/www.camping-ornans.com\/wp-content\/uploads\/2025\/10\/photo_2023-07-08_18-23-54-768x1024.webp\" media=\"(max-width: 850px)\"><source srcset=\"https:\/\/www.camping-ornans.com\/wp-content\/uploads\/2025\/10\/photo_2023-07-08_18-23-54-768x1024.webp\" media=\"(max-width: 1024px)\"><source srcset=\"https:\/\/www.camping-ornans.com\/wp-content\/uploads\/2025\/10\/photo_2023-07-08_18-23-54.webp\" media=\"(min-width: 1025px)\"><img decoding=\"async\" src=\"https:\/\/www.camping-ornans.com\/wp-content\/uploads\/2025\/10\/photo_2023-07-08_18-23-54-315x420.webp\" width=\"420\" height=\"210\" loading=\"lazy\" alt=\"\" title=\"\"><\/picture><\/figure><\/div><\/div><\/div><\/div>\n\n<div class=\"group sec-05 large align-full has-bg has-vert-bg-color\" style=\"background-color:var(--vert);\"><h2 class=\"h1\" style=\"text-align: center;\">Ein Anwesen, in dem jeder Augenblick <span class=\"fc-span\">Freiheit ausstrahlt<\/span><\/h2><p class=\"mini center\" style=\"text-align: center;\" id=\"gid_0\" >W\u00e4hrend die Kinder auf Entdeckungsreise gehen, k\u00f6nnen sich die Eltern eine Pause g\u00f6nnen. Die <g id=\"gid_0\">Dom\u00e4ne La Roche d&#8217;Ully<\/g> \u2605\u2605\u2605\u2605 l\u00e4dt jeden ein, mit sich selbst in Kontakt zu kommen: im<g id=\"gid_1\">Entspannungsbereich<\/g> mit <g id=\"gid_2\">Sauna, Dampfbad und Jacuzzi<\/g> oder auf den <g id=\"gid_3\">Wanderwegen<\/g>, die sich von der Dom\u00e4ne aus schl\u00e4ngeln &#8211; <g id=\"gid_4\">GR 590<\/g> oder <g id=\"gid_5\">Via Francigena<\/g>, auf den Spuren der Pilger. Sportbegeisterte finden ihr Gl\u00fcck auf dem <strong>Mountainbike-Weltmeisterschaftsgel\u00e4nde<\/strong> von 2012, w\u00e4hrend andere den <strong>Fitnessraum<\/strong> unter freiem Himmel, <strong>Boule<\/strong> mit Freunden oder den <strong>Bauernmarkt<\/strong> am Dienstag im Juli und August bevorzugen, auf dem man das Terroir des Jura probieren kann &#8211; biologisch, lokal und herzlich.  <\/p><\/div>\n\n<div class=\"gallery full\"><figure class=\"gallery__item fade-left\"><picture><source srcset=\"https:\/\/www.camping-ornans.com\/wp-content\/uploads\/2025\/10\/aire-de-jeux-garcon-420x280.webp\" media=\"(max-width: 210px)\"><source srcset=\"https:\/\/www.camping-ornans.com\/wp-content\/uploads\/2025\/10\/aire-de-jeux-garcon-850x567.webp\" media=\"(max-width: 420px)\"><source srcset=\"https:\/\/www.camping-ornans.com\/wp-content\/uploads\/2025\/10\/aire-de-jeux-garcon-768x512.webp\" media=\"(max-width: 850px)\"><source srcset=\"https:\/\/www.camping-ornans.com\/wp-content\/uploads\/2025\/10\/aire-de-jeux-garcon-1024x683.webp\" media=\"(max-width: 1024px)\"><source srcset=\"https:\/\/www.camping-ornans.com\/wp-content\/uploads\/2025\/10\/aire-de-jeux-garcon.webp\" media=\"(min-width: 1025px)\"><img decoding=\"async\" src=\"https:\/\/www.camping-ornans.com\/wp-content\/uploads\/2025\/10\/aire-de-jeux-garcon-420x280.webp\" width=\"420\" height=\"210\" loading=\"lazy\" alt=\"\" title=\"\"><\/picture><\/figure><figure class=\"gallery__item fade-right\"><picture><source srcset=\"https:\/\/www.camping-ornans.com\/wp-content\/uploads\/2025\/10\/marche-musicien-420x280.webp\" media=\"(max-width: 210px)\"><source srcset=\"https:\/\/www.camping-ornans.com\/wp-content\/uploads\/2025\/10\/marche-musicien-850x567.webp\" media=\"(max-width: 420px)\"><source srcset=\"https:\/\/www.camping-ornans.com\/wp-content\/uploads\/2025\/10\/marche-musicien-768x512.webp\" media=\"(max-width: 850px)\"><source srcset=\"https:\/\/www.camping-ornans.com\/wp-content\/uploads\/2025\/10\/marche-musicien-1024x683.webp\" media=\"(max-width: 1024px)\"><source srcset=\"https:\/\/www.camping-ornans.com\/wp-content\/uploads\/2025\/10\/marche-musicien.webp\" media=\"(min-width: 1025px)\"><img decoding=\"async\" src=\"https:\/\/www.camping-ornans.com\/wp-content\/uploads\/2025\/10\/marche-musicien-420x280.webp\" width=\"420\" height=\"210\" loading=\"lazy\" alt=\"\" title=\"\"><\/picture><\/figure><\/div>\n\n<div class=\"group align-full has-bg has-vert-bg-color\" style=\"background-color:var(--vert);\"><div class=\"columns reverse-mob\" style=\"align-items:center;\"><div class=\"columns__item fade-right\" style=\"align-self:center;\"><div class=\"gallery grid\"><figure class=\"gallery__item\"><picture><source srcset=\"https:\/\/www.camping-ornans.com\/wp-content\/uploads\/2025\/10\/marche-280x420.webp\" media=\"(max-width: 210px)\"><source srcset=\"https:\/\/www.camping-ornans.com\/wp-content\/uploads\/2025\/10\/marche-567x850.webp\" media=\"(max-width: 420px)\"><source srcset=\"https:\/\/www.camping-ornans.com\/wp-content\/uploads\/2025\/10\/marche.webp\" media=\"(max-width: 850px)\"><source srcset=\"https:\/\/www.camping-ornans.com\/wp-content\/uploads\/2025\/10\/marche.webp\" media=\"(max-width: 1024px)\"><source srcset=\"https:\/\/www.camping-ornans.com\/wp-content\/uploads\/2025\/10\/marche.webp\" media=\"(min-width: 1025px)\"><img decoding=\"async\" src=\"https:\/\/www.camping-ornans.com\/wp-content\/uploads\/2025\/10\/marche-280x420.webp\" width=\"420\" height=\"210\" loading=\"lazy\" alt=\"\" title=\"\"><\/picture><\/figure><figure class=\"gallery__item\"><picture><source srcset=\"https:\/\/www.camping-ornans.com\/wp-content\/uploads\/2025\/10\/vue-camping-pomme-1-420x280.webp\" media=\"(max-width: 210px)\"><source srcset=\"https:\/\/www.camping-ornans.com\/wp-content\/uploads\/2025\/10\/vue-camping-pomme-1-850x566.webp\" media=\"(max-width: 420px)\"><source srcset=\"https:\/\/www.camping-ornans.com\/wp-content\/uploads\/2025\/10\/vue-camping-pomme-1-768x512.webp\" media=\"(max-width: 850px)\"><source srcset=\"https:\/\/www.camping-ornans.com\/wp-content\/uploads\/2025\/10\/vue-camping-pomme-1-1024x682.webp\" media=\"(max-width: 1024px)\"><source srcset=\"https:\/\/www.camping-ornans.com\/wp-content\/uploads\/2025\/10\/vue-camping-pomme-1.webp\" media=\"(min-width: 1025px)\"><img decoding=\"async\" src=\"https:\/\/www.camping-ornans.com\/wp-content\/uploads\/2025\/10\/vue-camping-pomme-1-420x280.webp\" width=\"420\" height=\"210\" loading=\"lazy\" alt=\"\" title=\"\"><\/picture><\/figure><\/div><\/div><div class=\"columns__item fade-left\" style=\"align-self:center;\"><h2>Der Obstgarten der <span class=\"fc-span\">Wunder, wenn die Natur genossen wird<\/span><\/h2><p    >Am Eingang des Landgutes w\u00e4chst ein kleiner Schatz: <strong>der Lehrgarten<\/strong>, der ohne Chemie und Pestizide bewirtschaftet wird und in dem die Besucher die <strong>Natur<\/strong> entdecken, die <strong>man essen kann<\/strong>. Aus diesem Obstgarten stammt auch unser <strong>Bio-Apfelsaft<\/strong>, der von Pierre sorgf\u00e4ltig gepresst wird. <\/p><div class=\"lireplus fc-mob\"><p    >Lesen Sie mehr<\/p><div class=\"group\"><p   id=\"gid_0\" >Sein s\u00fc\u00dfer, goldener Geschmack, der mit einer biologischen Zertifizierung ausgezeichnet wurde, tr\u00e4gt den Duft des Wahren in sich. Das von <g id=\"gid_0\">Sandrine<\/g> entworfene Etikett spiegelt den m\u00e4rchenhaften Geist unseres Landgutes wider: ein Ort, an dem Natur, Legenden und Gastfreundschaft im Laufe der Jahreszeiten miteinander verwoben sind. Sie k\u00f6nnen auch jeden Dienstag den Bauernmarkt direkt auf unserem Landgut besuchen.  <\/p><\/div><\/div><figure class=\"deco relative bas droite\"><picture><source srcset=\"https:\/\/www.camping-ornans.com\/wp-content\/uploads\/2024\/12\/deco-fee-dore.webp\" media=\"(max-width: 210px)\"><source srcset=\"https:\/\/www.camping-ornans.com\/wp-content\/uploads\/2024\/12\/deco-fee-dore.webp\" media=\"(max-width: 420px)\"><source srcset=\"https:\/\/www.camping-ornans.com\/wp-content\/uploads\/2024\/12\/deco-fee-dore.webp\" media=\"(max-width: 850px)\"><source srcset=\"https:\/\/www.camping-ornans.com\/wp-content\/uploads\/2024\/12\/deco-fee-dore.webp\" media=\"(max-width: 1024px)\"><source srcset=\"https:\/\/www.camping-ornans.com\/wp-content\/uploads\/2024\/12\/deco-fee-dore.webp\" media=\"(min-width: 1025px)\"><img decoding=\"async\" src=\"https:\/\/www.camping-ornans.com\/wp-content\/uploads\/2024\/12\/deco-fee-dore.webp\" width=\"420\" height=\"210\" loading=\"lazy\" alt=\"\" title=\"\"><\/picture><\/figure><\/div><\/div><\/div>\n\n<div class=\"group align-full has-bg has-dore-bg-color\" style=\"background-color:var(--dore);\"><div class=\"columns\" style=\"align-items:center;\"><div class=\"columns__item fade-left\" style=\"align-self:center;\"><h2 class=\"h1\">Die Boutique <span class=\"fc-span\">der verzauberten Aromen<\/span><\/h2><p    >Nur wenige Schritte von der Rezeption entfernt \u00f6ffnet sich eine T\u00fcr auf der rechten Seite zu einem kleinen Schatz: unserem Lebensmittelgesch\u00e4ft und Laden mit regionalen Produkten. Hier finden Sie Geschm\u00e4cker, die nach Franche-Comt\u00e9 klingen &#8211; Bio-Apfelsaft aus dem Obstgarten des Campingplatzes, La Nocturne-Bier, Wein aus dem Jura und Mortuacienne-Limonade.<\/p><div class=\"lireplus fc-desk\"><p    >Weiterlesen<\/p><div class=\"group\"><p    >Der Laden ist t\u00e4glich ge\u00f6ffnet, in der Nebensaison morgens und abends, im Sommer den ganzen Tag \u00fcber, und ist ein Ort, an dem regionale Produkte zur Legende werden.<\/p><\/div><\/div><figure class=\"deco relative bas droite\"><picture><source srcset=\"https:\/\/www.camping-ornans.com\/wp-content\/uploads\/2024\/12\/deco-fee-vert.webp\" media=\"(max-width: 210px)\"><source srcset=\"https:\/\/www.camping-ornans.com\/wp-content\/uploads\/2024\/12\/deco-fee-vert.webp\" media=\"(max-width: 420px)\"><source srcset=\"https:\/\/www.camping-ornans.com\/wp-content\/uploads\/2024\/12\/deco-fee-vert.webp\" media=\"(max-width: 850px)\"><source srcset=\"https:\/\/www.camping-ornans.com\/wp-content\/uploads\/2024\/12\/deco-fee-vert.webp\" media=\"(max-width: 1024px)\"><source srcset=\"https:\/\/www.camping-ornans.com\/wp-content\/uploads\/2024\/12\/deco-fee-vert.webp\" media=\"(min-width: 1025px)\"><img decoding=\"async\" src=\"https:\/\/www.camping-ornans.com\/wp-content\/uploads\/2024\/12\/deco-fee-vert.webp\" width=\"420\" height=\"210\" loading=\"lazy\" alt=\"\" title=\"\"><\/picture><\/figure><\/div><div class=\"columns__item fade-up\" style=\"align-self:center;\" data-fc=\"\"><div class=\"gallery small\"><figure class=\"gallery__item\"><picture><source srcset=\"https:\/\/www.camping-ornans.com\/wp-content\/uploads\/2025\/10\/photo-roche-ully-pains-315x420.webp\" media=\"(max-width: 210px)\"><source srcset=\"https:\/\/www.camping-ornans.com\/wp-content\/uploads\/2025\/10\/photo-roche-ully-pains-637x850.webp\" media=\"(max-width: 420px)\"><source srcset=\"https:\/\/www.camping-ornans.com\/wp-content\/uploads\/2025\/10\/photo-roche-ully-pains-768x1024.webp\" media=\"(max-width: 850px)\"><source srcset=\"https:\/\/www.camping-ornans.com\/wp-content\/uploads\/2025\/10\/photo-roche-ully-pains-768x1024.webp\" media=\"(max-width: 1024px)\"><source srcset=\"https:\/\/www.camping-ornans.com\/wp-content\/uploads\/2025\/10\/photo-roche-ully-pains.webp\" media=\"(min-width: 1025px)\"><img decoding=\"async\" src=\"https:\/\/www.camping-ornans.com\/wp-content\/uploads\/2025\/10\/photo-roche-ully-pains-315x420.webp\" width=\"420\" height=\"210\" loading=\"lazy\" alt=\"\" title=\"\"><\/picture><\/figure><\/div><\/div><\/div><\/div>","protected":false},"excerpt":{"rendered":"<p>Ein Kokon aus bezaubernden Dienstleistungen f\u00fcr Ihren Aufenthalt auf der Domaine Wenn die Magie erwacht, die Animationen des Anwesens In der Morgend\u00e4mmerung, wenn das Tal erwacht, mischt sich das erste Kinderlachen mit dem Gesang der V\u00f6gel. Hier dehnt sich die Zeit sanft aus: man spielt Holzspiele im Schatten der B\u00e4ume, man teilt Brettspiele mit der [&hellip;]<\/p>\n","protected":false},"author":1,"featured_media":0,"parent":0,"menu_order":0,"comment_status":"open","ping_status":"open","template":"","meta":{"_acf_changed":false,"footnotes":""},"acf":[],"_links":{"self":[{"href":"https:\/\/www.camping-ornans.com\/de\/wp-json\/wp\/v2\/pages\/1175"}],"collection":[{"href":"https:\/\/www.camping-ornans.com\/de\/wp-json\/wp\/v2\/pages"}],"about":[{"href":"https:\/\/www.camping-ornans.com\/de\/wp-json\/wp\/v2\/types\/page"}],"author":[{"embeddable":true,"href":"https:\/\/www.camping-ornans.com\/de\/wp-json\/wp\/v2\/users\/1"}],"replies":[{"embeddable":true,"href":"https:\/\/www.camping-ornans.com\/de\/wp-json\/wp\/v2\/comments?post=1175"}],"version-history":[{"count":7,"href":"https:\/\/www.camping-ornans.com\/de\/wp-json\/wp\/v2\/pages\/1175\/revisions"}],"predecessor-version":[{"id":1335,"href":"https:\/\/www.camping-ornans.com\/de\/wp-json\/wp\/v2\/pages\/1175\/revisions\/1335"}],"wp:attachment":[{"href":"https:\/\/www.camping-ornans.com\/de\/wp-json\/wp\/v2\/media?parent=1175"}],"curies":[{"name":"wp","href":"https:\/\/api.w.org\/{rel}","templated":true}]}}