{"id":1201,"date":"2025-10-06T09:15:56","date_gmt":"2025-10-06T07:15:56","guid":{"rendered":"https:\/\/www.camping-ornans.com\/anreise-zum-landgut\/"},"modified":"2025-11-19T13:57:50","modified_gmt":"2025-11-19T12:57:50","slug":"anreise-zum-landgut","status":"publish","type":"page","link":"https:\/\/www.camping-ornans.com\/de\/anreise-zum-landgut\/","title":{"rendered":"Anreise zum Landgut"},"content":{"rendered":"<div class=\"diaporama-header align-full\"><div class=\"gallery\"><figure class=\"gallery__item\"><picture><source srcset=\"https:\/\/www.camping-ornans.com\/wp-content\/uploads\/2025\/10\/IMG_0871-420x280.webp\" media=\"(max-width: 210px)\"><source srcset=\"https:\/\/www.camping-ornans.com\/wp-content\/uploads\/2025\/10\/IMG_0871-850x567.webp\" media=\"(max-width: 420px)\"><source srcset=\"https:\/\/www.camping-ornans.com\/wp-content\/uploads\/2025\/10\/IMG_0871-768x512.webp\" media=\"(max-width: 850px)\"><source srcset=\"https:\/\/www.camping-ornans.com\/wp-content\/uploads\/2025\/10\/IMG_0871-1024x683.webp\" media=\"(max-width: 1024px)\"><source srcset=\"https:\/\/www.camping-ornans.com\/wp-content\/uploads\/2025\/10\/IMG_0871.webp\" media=\"(min-width: 1025px)\"><img loading=\"lazy\" decoding=\"async\" src=\"https:\/\/www.camping-ornans.com\/wp-content\/uploads\/2025\/10\/IMG_0871-420x280.webp\" width=\"420\" height=\"210\" alt=\"\" title=\"\"><\/picture><\/figure><\/div><div class=\"diaporama-header__inner\"><p class=\"wording center\" style=\"text-align: center;\"  >jede Route f\u00fchrt <span class=\"fc-span\">zu unserem Zauberwald<\/span><\/p><\/div><\/div><div class=\"group align-full has-bg has-dore-bg-color\" style=\"background-color:var(--dore);\"><h1 class=\"h1\" style=\"text-align: center;\">Anreise zum Landgut <span class=\"fc-span\">im Doubs<\/span><\/h1><p class=\"mini center\" style=\"text-align: center;\"  >Es gibt viele Wege, um in unser verzaubertes Tal zu gelangen. Einige entscheiden sich f\u00fcr <strong>Fahrgemeinschaften<\/strong> und folgen den geteilten Stra\u00dfen des modernen K\u00f6nigreichs: BlaBlaCar verbindet Reisende mit Kutschen voller Geschichten und Begegnungen. Andere bevorzugen <strong>den Bus<\/strong>, der von den Zitadellen von Pontarlier oder Besan\u00e7on durch W\u00e4lder und T\u00e4ler f\u00e4hrt und sich durch das Gr\u00fcn bis zu den Toren von Ornans schl\u00e4ngelt.    <\/p><p class=\"mini center\" style=\"text-align: center;\"  >F\u00fcr Reisende, die <strong>mit dem Zug<\/strong> anreisen, gibt es drei Eingangstore zu unserem Land: Besan\u00e7on, 25 km entfernt, Pontarlier, 37 km entfernt und Frasne, 41 km entfernt. Diese Bahnh\u00f6fe sind die Schwellen zu einer Reise, bei der die Natur die F\u00fchrung \u00fcbernimmt und von den Windungen der Loue erz\u00e4hlt wird. Ob Sie nun auf der Stra\u00dfe, der Schiene oder durch eine zuf\u00e4llige Begegnung kommen, folgen Sie dem Gesang der Loue.  <\/p><div class=\"buttons display-flex \" style=\"justify-content:center;\"><a href=\"https:\/\/www.blablacar.fr\" rel=\"noreferrer noopener\" target=\"_blank\" class=\"buttons__btn is-style-1\">Blablacar<\/a><a href=\"https:\/\/www.destination-haut-doubs.com\/acces-et-transports.html\" rel=\"noreferrer noopener\" target=\"_blank\" class=\"buttons__btn is-style-1\">Bus<\/a><a href=\"https:\/\/www.voyages-sncf.com\" rel=\"noreferrer noopener\" target=\"_blank\" class=\"buttons__btn is-style-1\">Zug<\/a><\/div><figure class=\"deco boxage bas droite fade-right\"><picture><source srcset=\"https:\/\/www.camping-ornans.com\/wp-content\/uploads\/2024\/12\/deco-fee-bordeaux.webp\" media=\"(max-width: 210px)\"><source srcset=\"https:\/\/www.camping-ornans.com\/wp-content\/uploads\/2024\/12\/deco-fee-bordeaux.webp\" media=\"(max-width: 420px)\"><source srcset=\"https:\/\/www.camping-ornans.com\/wp-content\/uploads\/2024\/12\/deco-fee-bordeaux.webp\" media=\"(max-width: 850px)\"><source srcset=\"https:\/\/www.camping-ornans.com\/wp-content\/uploads\/2024\/12\/deco-fee-bordeaux.webp\" media=\"(max-width: 1024px)\"><source srcset=\"https:\/\/www.camping-ornans.com\/wp-content\/uploads\/2024\/12\/deco-fee-bordeaux.webp\" media=\"(min-width: 1025px)\"><img decoding=\"async\" src=\"https:\/\/www.camping-ornans.com\/wp-content\/uploads\/2024\/12\/deco-fee-bordeaux.webp\" width=\"420\" height=\"210\" loading=\"lazy\" alt=\"\" title=\"\"><\/picture><\/figure><\/div>","protected":false},"excerpt":{"rendered":"<p>jede Route f\u00fchrt zu unserem Zauberwald Anreise zum Landgut im Doubs Es gibt viele Wege, um in unser verzaubertes Tal zu gelangen. Einige entscheiden sich f\u00fcr Fahrgemeinschaften und folgen den geteilten Stra\u00dfen des modernen K\u00f6nigreichs: BlaBlaCar verbindet Reisende mit Kutschen voller Geschichten und Begegnungen. Andere bevorzugen den Bus, der von den Zitadellen von Pontarlier oder [&hellip;]<\/p>\n","protected":false},"author":1,"featured_media":0,"parent":0,"menu_order":0,"comment_status":"open","ping_status":"open","template":"","meta":{"_acf_changed":false,"footnotes":""},"acf":[],"_links":{"self":[{"href":"https:\/\/www.camping-ornans.com\/de\/wp-json\/wp\/v2\/pages\/1201"}],"collection":[{"href":"https:\/\/www.camping-ornans.com\/de\/wp-json\/wp\/v2\/pages"}],"about":[{"href":"https:\/\/www.camping-ornans.com\/de\/wp-json\/wp\/v2\/types\/page"}],"author":[{"embeddable":true,"href":"https:\/\/www.camping-ornans.com\/de\/wp-json\/wp\/v2\/users\/1"}],"replies":[{"embeddable":true,"href":"https:\/\/www.camping-ornans.com\/de\/wp-json\/wp\/v2\/comments?post=1201"}],"version-history":[{"count":1,"href":"https:\/\/www.camping-ornans.com\/de\/wp-json\/wp\/v2\/pages\/1201\/revisions"}],"predecessor-version":[{"id":1204,"href":"https:\/\/www.camping-ornans.com\/de\/wp-json\/wp\/v2\/pages\/1201\/revisions\/1204"}],"wp:attachment":[{"href":"https:\/\/www.camping-ornans.com\/de\/wp-json\/wp\/v2\/media?parent=1201"}],"curies":[{"name":"wp","href":"https:\/\/api.w.org\/{rel}","templated":true}]}}