{"id":1202,"date":"2025-10-06T09:15:56","date_gmt":"2025-10-06T07:15:56","guid":{"rendered":"https:\/\/www.camping-ornans.com\/behinderung\/"},"modified":"2025-11-19T15:16:18","modified_gmt":"2025-11-19T14:16:18","slug":"behinderung","status":"publish","type":"page","link":"https:\/\/www.camping-ornans.com\/de\/behinderung\/","title":{"rendered":"Behinderung"},"content":{"rendered":"<div class=\"diaporama-header align-full\"><div class=\"gallery\"><figure class=\"gallery__item\"><picture><source srcset=\"https:\/\/www.camping-ornans.com\/wp-content\/uploads\/2025\/10\/AdobeStock_282084315-420x280.webp\" media=\"(max-width: 210px)\"><source srcset=\"https:\/\/www.camping-ornans.com\/wp-content\/uploads\/2025\/10\/AdobeStock_282084315-850x567.webp\" media=\"(max-width: 420px)\"><source srcset=\"https:\/\/www.camping-ornans.com\/wp-content\/uploads\/2025\/10\/AdobeStock_282084315-768x512.webp\" media=\"(max-width: 850px)\"><source srcset=\"https:\/\/www.camping-ornans.com\/wp-content\/uploads\/2025\/10\/AdobeStock_282084315-1024x683.webp\" media=\"(max-width: 1024px)\"><source srcset=\"https:\/\/www.camping-ornans.com\/wp-content\/uploads\/2025\/10\/AdobeStock_282084315.webp\" media=\"(min-width: 1025px)\"><img loading=\"lazy\" decoding=\"async\" src=\"https:\/\/www.camping-ornans.com\/wp-content\/uploads\/2025\/10\/AdobeStock_282084315-420x280.webp\" width=\"420\" height=\"210\" alt=\"\" title=\"\"><\/picture><\/figure><\/div><div class=\"diaporama-header__inner\"><p class=\"wording center\" style=\"text-align: center;\"  >Wir machen den Empfang <span class=\"fc-span\">f\u00fcr alle zu einem wahren Vergn\u00fcgen<\/span><\/p><\/div><\/div>\n\n<div class=\"group align-full has-bg has-vert-bg-color\" style=\"background-color:var(--vert);\"><div class=\"columns reverse-mob\" style=\"align-items:center;\"><div class=\"columns__item fade-left\" style=\"align-self:center;\"><div class=\"gallery grid\"><figure class=\"gallery__item\"><picture><source srcset=\"https:\/\/www.camping-ornans.com\/wp-content\/uploads\/2025\/10\/AdobeStock_288013291-383x420.webp\" media=\"(max-width: 210px)\"><source srcset=\"https:\/\/www.camping-ornans.com\/wp-content\/uploads\/2025\/10\/AdobeStock_288013291-775x850.webp\" media=\"(max-width: 420px)\"><source srcset=\"https:\/\/www.camping-ornans.com\/wp-content\/uploads\/2025\/10\/AdobeStock_288013291-768x842.webp\" media=\"(max-width: 850px)\"><source srcset=\"https:\/\/www.camping-ornans.com\/wp-content\/uploads\/2025\/10\/AdobeStock_288013291-934x1024.webp\" media=\"(max-width: 1024px)\"><source srcset=\"https:\/\/www.camping-ornans.com\/wp-content\/uploads\/2025\/10\/AdobeStock_288013291.webp\" media=\"(min-width: 1025px)\"><img decoding=\"async\" src=\"https:\/\/www.camping-ornans.com\/wp-content\/uploads\/2025\/10\/AdobeStock_288013291-383x420.webp\" width=\"420\" height=\"210\" loading=\"lazy\" alt=\"\" title=\"\"><\/picture><\/figure><figure class=\"gallery__item\"><picture><source srcset=\"https:\/\/www.camping-ornans.com\/wp-content\/uploads\/2025\/10\/AdobeStock_285913116-420x269.webp\" media=\"(max-width: 210px)\"><source srcset=\"https:\/\/www.camping-ornans.com\/wp-content\/uploads\/2025\/10\/AdobeStock_285913116-850x544.webp\" media=\"(max-width: 420px)\"><source srcset=\"https:\/\/www.camping-ornans.com\/wp-content\/uploads\/2025\/10\/AdobeStock_285913116-768x491.webp\" media=\"(max-width: 850px)\"><source srcset=\"https:\/\/www.camping-ornans.com\/wp-content\/uploads\/2025\/10\/AdobeStock_285913116-1024x655.webp\" media=\"(max-width: 1024px)\"><source srcset=\"https:\/\/www.camping-ornans.com\/wp-content\/uploads\/2025\/10\/AdobeStock_285913116.webp\" media=\"(min-width: 1025px)\"><img decoding=\"async\" src=\"https:\/\/www.camping-ornans.com\/wp-content\/uploads\/2025\/10\/AdobeStock_285913116-420x269.webp\" width=\"420\" height=\"210\" loading=\"lazy\" alt=\"\" title=\"\"><\/picture><\/figure><\/div><\/div><div class=\"columns__item fade-right\" style=\"align-self:center;\"><h1 class=\"h1\">Unser Ansatz <span class=\"fc-span\">f\u00fcr Behinderte<\/span><\/h1><p    >Im sanften Licht der Loue sorgt unser Landgut daf\u00fcr, dass <strong>jeder Reisende seinen Platz findet<\/strong>.<br>Denn hier wird das Wort &#8222;Empfang&#8220; nicht halb ausgesprochen &#8211; es wird gelebt, in Gesten, in Aufmerksamkeiten, im Respekt vor jedem Einzelnen. Es ist wie ein Versprechen, das vom Tal selbst gefl\u00fcstert wird: <em>niemand soll am Wegesrand stehen bleiben<\/em>. <\/p><div class=\"buttons\"><span class=\"buttons__btn btn-resa\">Buchen Sie<\/span><\/div><\/div><\/div><figure class=\"deco ornement bas droite\"><picture><source srcset=\"https:\/\/www.camping-ornans.com\/wp-content\/uploads\/2024\/12\/deco-ornement-bd.webp\" media=\"(max-width: 210px)\"><source srcset=\"https:\/\/www.camping-ornans.com\/wp-content\/uploads\/2024\/12\/deco-ornement-bd.webp\" media=\"(max-width: 420px)\"><source srcset=\"https:\/\/www.camping-ornans.com\/wp-content\/uploads\/2024\/12\/deco-ornement-bd.webp\" media=\"(max-width: 850px)\"><source srcset=\"https:\/\/www.camping-ornans.com\/wp-content\/uploads\/2024\/12\/deco-ornement-bd.webp\" media=\"(max-width: 1024px)\"><source srcset=\"https:\/\/www.camping-ornans.com\/wp-content\/uploads\/2024\/12\/deco-ornement-bd.webp\" media=\"(min-width: 1025px)\"><img decoding=\"async\" src=\"https:\/\/www.camping-ornans.com\/wp-content\/uploads\/2024\/12\/deco-ornement-bd.webp\" width=\"420\" height=\"210\" loading=\"lazy\" alt=\"\" title=\"\"><\/picture><\/figure><\/div>\n\n<div class=\"group align-full has-bg has-dore-bg-color\" style=\"background-color:var(--dore);\"><div class=\"columns\" style=\"align-items:center;\"><div class=\"columns__item fade-left\" style=\"align-self:center;\"><h2 class=\"h1\">Freier Atem,<span class=\"fc-span\"> Komfort der Bewegung<\/span><\/h2><p    >Das Gel\u00e4nde ist flach und einladend, so dass sich jeder frei bewegen kann, vom Restaurant bis zur Rezeption, vom Lebensmittelgesch\u00e4ft bis zu den Sanit\u00e4ranlagen. Rollst\u00fchle rollen ohne Hindernisse zu den reservierten Stellpl\u00e4tzen in der N\u00e4he der Annehmlichkeiten. Im gro\u00dfen Sanit\u00e4rgeb\u00e4ude gibt es einen kompletten Bereich mit Dusche, Toilette und Waschbecken f\u00fcr Reisende mit eingeschr\u00e4nkter Mobilit\u00e4t, w\u00e4hrend eine weitere Toilette im Restaurant zug\u00e4nglich ist.<\/p><div class=\"lireplus fc-desk\"><p    >Weiterlesen<\/p><div class=\"group\"><p    >Die Waschbecken und W\u00e4schek\u00f6rbe sind f\u00fcr alle gedacht und sogar der l\u00e4stige Abwasch entf\u00e4llt dank des kostenlosen Zaubergeschirrsp\u00fclers. Jedes Detail, bis hin zur Steigung eines Weges, wurde so konzipiert, dass die Bewegungsfreiheit wieder selbstverst\u00e4ndlich wird.<\/p><\/div><\/div><figure class=\"deco relative bas droite\"><picture><source srcset=\"https:\/\/www.camping-ornans.com\/wp-content\/uploads\/2024\/12\/deco-fee-vert.webp\" media=\"(max-width: 210px)\"><source srcset=\"https:\/\/www.camping-ornans.com\/wp-content\/uploads\/2024\/12\/deco-fee-vert.webp\" media=\"(max-width: 420px)\"><source srcset=\"https:\/\/www.camping-ornans.com\/wp-content\/uploads\/2024\/12\/deco-fee-vert.webp\" media=\"(max-width: 850px)\"><source srcset=\"https:\/\/www.camping-ornans.com\/wp-content\/uploads\/2024\/12\/deco-fee-vert.webp\" media=\"(max-width: 1024px)\"><source srcset=\"https:\/\/www.camping-ornans.com\/wp-content\/uploads\/2024\/12\/deco-fee-vert.webp\" media=\"(min-width: 1025px)\"><img decoding=\"async\" src=\"https:\/\/www.camping-ornans.com\/wp-content\/uploads\/2024\/12\/deco-fee-vert.webp\" width=\"420\" height=\"210\" loading=\"lazy\" alt=\"\" title=\"\"><\/picture><\/figure><\/div><div class=\"columns__item debordement fade-up\" style=\"align-self:center;\" data-fc=\"\"><div class=\"gallery\"><figure class=\"gallery__item\"><picture><source srcset=\"https:\/\/www.camping-ornans.com\/wp-content\/uploads\/2025\/10\/AdobeStock_328703737-e1760961486725-328x420.webp\" media=\"(max-width: 210px)\"><source srcset=\"https:\/\/www.camping-ornans.com\/wp-content\/uploads\/2025\/10\/AdobeStock_328703737-e1760961486725-665x850.webp\" media=\"(max-width: 420px)\"><source srcset=\"https:\/\/www.camping-ornans.com\/wp-content\/uploads\/2025\/10\/AdobeStock_328703737-e1760961486725-768x982.webp\" media=\"(max-width: 850px)\"><source srcset=\"https:\/\/www.camping-ornans.com\/wp-content\/uploads\/2025\/10\/AdobeStock_328703737-e1760961486725-801x1024.webp\" media=\"(max-width: 1024px)\"><source srcset=\"https:\/\/www.camping-ornans.com\/wp-content\/uploads\/2025\/10\/AdobeStock_328703737-e1760961486725.webp\" media=\"(min-width: 1025px)\"><img decoding=\"async\" src=\"https:\/\/www.camping-ornans.com\/wp-content\/uploads\/2025\/10\/AdobeStock_328703737-e1760961486725-328x420.webp\" width=\"420\" height=\"210\" loading=\"lazy\" alt=\"\" title=\"\"><\/picture><\/figure><\/div><\/div><\/div><\/div>\n\n<div class=\"group align-full has-bg has-vert-bg-color\" style=\"background-color:var(--vert);\"><div class=\"columns reverse-mob\" style=\"align-items:center;\"><div class=\"columns__item fade-left\" style=\"align-self:center;\"><div class=\"gallery grid\"><figure class=\"gallery__item\"><picture><source srcset=\"https:\/\/www.camping-ornans.com\/wp-content\/uploads\/2025\/10\/AdobeStock_283420290-1-420x224.webp\" media=\"(max-width: 210px)\"><source srcset=\"https:\/\/www.camping-ornans.com\/wp-content\/uploads\/2025\/10\/AdobeStock_283420290-1-850x454.webp\" media=\"(max-width: 420px)\"><source srcset=\"https:\/\/www.camping-ornans.com\/wp-content\/uploads\/2025\/10\/AdobeStock_283420290-1-768x410.webp\" media=\"(max-width: 850px)\"><source srcset=\"https:\/\/www.camping-ornans.com\/wp-content\/uploads\/2025\/10\/AdobeStock_283420290-1-1024x547.webp\" media=\"(max-width: 1024px)\"><source srcset=\"https:\/\/www.camping-ornans.com\/wp-content\/uploads\/2025\/10\/AdobeStock_283420290-1.webp\" media=\"(min-width: 1025px)\"><img decoding=\"async\" src=\"https:\/\/www.camping-ornans.com\/wp-content\/uploads\/2025\/10\/AdobeStock_283420290-1-420x224.webp\" width=\"420\" height=\"210\" loading=\"lazy\" alt=\"\" title=\"\"><\/picture><\/figure><figure class=\"gallery__item\"><picture><source srcset=\"https:\/\/www.camping-ornans.com\/wp-content\/uploads\/2025\/10\/AdobeStock_343864556-420x271.webp\" media=\"(max-width: 210px)\"><source srcset=\"https:\/\/www.camping-ornans.com\/wp-content\/uploads\/2025\/10\/AdobeStock_343864556-850x548.webp\" media=\"(max-width: 420px)\"><source srcset=\"https:\/\/www.camping-ornans.com\/wp-content\/uploads\/2025\/10\/AdobeStock_343864556-768x495.webp\" media=\"(max-width: 850px)\"><source srcset=\"https:\/\/www.camping-ornans.com\/wp-content\/uploads\/2025\/10\/AdobeStock_343864556-1024x660.webp\" media=\"(max-width: 1024px)\"><source srcset=\"https:\/\/www.camping-ornans.com\/wp-content\/uploads\/2025\/10\/AdobeStock_343864556.webp\" media=\"(min-width: 1025px)\"><img decoding=\"async\" src=\"https:\/\/www.camping-ornans.com\/wp-content\/uploads\/2025\/10\/AdobeStock_343864556-420x271.webp\" width=\"420\" height=\"210\" loading=\"lazy\" alt=\"\" title=\"\"><\/picture><\/figure><\/div><\/div><div class=\"columns__item fade-right\" style=\"align-self:center;\"><h2 class=\"h1\">Die wachen Sinne, <span class=\"fc-span\">wenn Kommunikation zur Verbindung wird<\/span><\/h2><p    >Da jeder die Welt auf seine eigene Weise wahrnimmt, sorgt unser Bereich daf\u00fcr, dass alle Informationen klar, sichtbar und gemeinsam genutzt werden k\u00f6nnen. Worte werden in gro\u00dfen Lettern angezeigt, Schilder sind einfach und kontrastreiche Materialien weisen den Weg. <\/p><div class=\"lireplus fc-desk\"><p    >Lesen Sie mehr<\/p><div class=\"group\"><p    >Ein <strong>LoopHEAR 101-Ger\u00e4t<\/strong> hilft beim H\u00f6ren und Empfangen, w\u00e4hrend unser Team sich die Zeit nimmt, zu erkl\u00e4ren, zu zeigen und zu begleiten. Ob es sich um Lesen, H\u00f6ren oder Verstehen handelt, wir suchen immer den sanftesten Weg, um einander zu begegnen. <\/p><\/div><\/div><\/div><\/div><figure class=\"deco ornement bas droite\"><picture><source srcset=\"https:\/\/www.camping-ornans.com\/wp-content\/uploads\/2024\/12\/deco-ornement-bd.webp\" media=\"(max-width: 210px)\"><source srcset=\"https:\/\/www.camping-ornans.com\/wp-content\/uploads\/2024\/12\/deco-ornement-bd.webp\" media=\"(max-width: 420px)\"><source srcset=\"https:\/\/www.camping-ornans.com\/wp-content\/uploads\/2024\/12\/deco-ornement-bd.webp\" media=\"(max-width: 850px)\"><source srcset=\"https:\/\/www.camping-ornans.com\/wp-content\/uploads\/2024\/12\/deco-ornement-bd.webp\" media=\"(max-width: 1024px)\"><source srcset=\"https:\/\/www.camping-ornans.com\/wp-content\/uploads\/2024\/12\/deco-ornement-bd.webp\" media=\"(min-width: 1025px)\"><img decoding=\"async\" src=\"https:\/\/www.camping-ornans.com\/wp-content\/uploads\/2024\/12\/deco-ornement-bd.webp\" width=\"420\" height=\"210\" loading=\"lazy\" alt=\"\" title=\"\"><\/picture><\/figure><\/div>\n\n<div class=\"group align-full has-bg has-dore-bg-color\" style=\"background-color:var(--dore);\"><h2 class=\"h1\" style=\"text-align: center;\">Ein Zufluchtsort f\u00fcr alle,<span class=\"fc-span\"> der Geist der Integration<\/span><\/h2><p class=\"mini center\" style=\"text-align: center;\" id=\"gid_3\" >Seit 2016 bieten unser <strong>Cottage Caborde PMR<\/strong> und unsere <strong>kanadische Lodge<\/strong>, beide mit dem Label &#8220; <em>Tourisme &amp; Handicap<\/em>&#8220; ausgezeichnet, einen ruhigen und <em>behindertengerechten<\/em> Aufenthalt. Aber unser Streben h\u00f6rt hier nicht auf. Jede Saison verbessern wir unsere Einrichtungen, indem wir uns von den Ratschl\u00e4gen und Bed\u00fcrfnissen unserer G\u00e4ste leiten lassen. Unsere Partner um uns herum teilen den gleichen Elan: das <g id=\"gid_3\">Courbet-Museum<\/g> in Ornans, der <g id=\"gid_4\">Hameau du Fromage<\/g> in Cl\u00e9ron, das <g id=\"gid_5\">Mus\u00e9e des Maisons Comtoises<\/g> in Nancray und viele andere. Denn Gastfreundschaft bedeutet vor allem, zuzuh\u00f6ren und aus jedem Aufenthalt eine eigene Geschichte zu machen.    <\/p><figure class=\"deco boxage relative bas droite fade-right\"><picture><source srcset=\"https:\/\/www.camping-ornans.com\/wp-content\/uploads\/2024\/12\/deco-fee-bordeaux.webp\" media=\"(max-width: 210px)\"><source srcset=\"https:\/\/www.camping-ornans.com\/wp-content\/uploads\/2024\/12\/deco-fee-bordeaux.webp\" media=\"(max-width: 420px)\"><source srcset=\"https:\/\/www.camping-ornans.com\/wp-content\/uploads\/2024\/12\/deco-fee-bordeaux.webp\" media=\"(max-width: 850px)\"><source srcset=\"https:\/\/www.camping-ornans.com\/wp-content\/uploads\/2024\/12\/deco-fee-bordeaux.webp\" media=\"(max-width: 1024px)\"><source srcset=\"https:\/\/www.camping-ornans.com\/wp-content\/uploads\/2024\/12\/deco-fee-bordeaux.webp\" media=\"(min-width: 1025px)\"><img decoding=\"async\" src=\"https:\/\/www.camping-ornans.com\/wp-content\/uploads\/2024\/12\/deco-fee-bordeaux.webp\" width=\"420\" height=\"210\" loading=\"lazy\" alt=\"\" title=\"\"><\/picture><\/figure><\/div>","protected":false},"excerpt":{"rendered":"<p>Wir machen den Empfang f\u00fcr alle zu einem wahren Vergn\u00fcgen Unser Ansatz f\u00fcr Behinderte Im sanften Licht der Loue sorgt unser Landgut daf\u00fcr, dass jeder Reisende seinen Platz findet.Denn hier wird das Wort &#8222;Empfang&#8220; nicht halb ausgesprochen &#8211; es wird gelebt, in Gesten, in Aufmerksamkeiten, im Respekt vor jedem Einzelnen. Es ist wie ein Versprechen, [&hellip;]<\/p>\n","protected":false},"author":1,"featured_media":0,"parent":0,"menu_order":0,"comment_status":"open","ping_status":"open","template":"","meta":{"_acf_changed":false,"footnotes":""},"acf":[],"_links":{"self":[{"href":"https:\/\/www.camping-ornans.com\/de\/wp-json\/wp\/v2\/pages\/1202"}],"collection":[{"href":"https:\/\/www.camping-ornans.com\/de\/wp-json\/wp\/v2\/pages"}],"about":[{"href":"https:\/\/www.camping-ornans.com\/de\/wp-json\/wp\/v2\/types\/page"}],"author":[{"embeddable":true,"href":"https:\/\/www.camping-ornans.com\/de\/wp-json\/wp\/v2\/users\/1"}],"replies":[{"embeddable":true,"href":"https:\/\/www.camping-ornans.com\/de\/wp-json\/wp\/v2\/comments?post=1202"}],"version-history":[{"count":2,"href":"https:\/\/www.camping-ornans.com\/de\/wp-json\/wp\/v2\/pages\/1202\/revisions"}],"predecessor-version":[{"id":1342,"href":"https:\/\/www.camping-ornans.com\/de\/wp-json\/wp\/v2\/pages\/1202\/revisions\/1342"}],"wp:attachment":[{"href":"https:\/\/www.camping-ornans.com\/de\/wp-json\/wp\/v2\/media?parent=1202"}],"curies":[{"name":"wp","href":"https:\/\/api.w.org\/{rel}","templated":true}]}}