{"id":1214,"date":"2025-10-06T09:15:56","date_gmt":"2025-10-06T07:15:56","guid":{"rendered":"https:\/\/www.camping-ornans.com\/gruppentourismus\/"},"modified":"2025-11-19T15:15:36","modified_gmt":"2025-11-19T14:15:36","slug":"gruppentourismus","status":"publish","type":"page","link":"https:\/\/www.camping-ornans.com\/de\/gruppentourismus\/","title":{"rendered":"Gruppentourismus"},"content":{"rendered":"<div class=\"diaporama-header align-full\"><div class=\"gallery\"><figure class=\"gallery__item\"><picture><source srcset=\"https:\/\/www.camping-ornans.com\/wp-content\/uploads\/2025\/10\/IMG_2654-1-420x315.webp\" media=\"(max-width: 210px)\"><source srcset=\"https:\/\/www.camping-ornans.com\/wp-content\/uploads\/2025\/10\/IMG_2654-1-850x638.webp\" media=\"(max-width: 420px)\"><source srcset=\"https:\/\/www.camping-ornans.com\/wp-content\/uploads\/2025\/10\/IMG_2654-1-768x576.webp\" media=\"(max-width: 850px)\"><source srcset=\"https:\/\/www.camping-ornans.com\/wp-content\/uploads\/2025\/10\/IMG_2654-1-1024x768.webp\" media=\"(max-width: 1024px)\"><source srcset=\"https:\/\/www.camping-ornans.com\/wp-content\/uploads\/2025\/10\/IMG_2654-1.webp\" media=\"(min-width: 1025px)\"><img loading=\"lazy\" decoding=\"async\" src=\"https:\/\/www.camping-ornans.com\/wp-content\/uploads\/2025\/10\/IMG_2654-1-420x315.webp\" width=\"420\" height=\"210\" alt=\"\" title=\"\"><\/picture><\/figure><\/div><div class=\"diaporama-header__inner\"><p class=\"wording\"   >Gruppen und gemeinsame Momente <span class=\"fc-span\">im Bann von Mutter Natur<\/span><\/p><\/div><\/div>\n\n<div class=\"group align-full has-bg has-vert-bg-color\" style=\"background-color:var(--vert);\"><div class=\"columns reverse-mob\" style=\"align-items:center;\"><div class=\"columns__item fade-left\" style=\"align-self:center;\"><div class=\"gallery grid\"><figure class=\"gallery__item\"><picture><source srcset=\"https:\/\/www.camping-ornans.com\/wp-content\/uploads\/2025\/10\/IMG_2654-420x315.webp\" media=\"(max-width: 210px)\"><source srcset=\"https:\/\/www.camping-ornans.com\/wp-content\/uploads\/2025\/10\/IMG_2654-850x638.webp\" media=\"(max-width: 420px)\"><source srcset=\"https:\/\/www.camping-ornans.com\/wp-content\/uploads\/2025\/10\/IMG_2654-768x576.webp\" media=\"(max-width: 850px)\"><source srcset=\"https:\/\/www.camping-ornans.com\/wp-content\/uploads\/2025\/10\/IMG_2654-1024x768.webp\" media=\"(max-width: 1024px)\"><source srcset=\"https:\/\/www.camping-ornans.com\/wp-content\/uploads\/2025\/10\/IMG_2654.webp\" media=\"(min-width: 1025px)\"><img decoding=\"async\" src=\"https:\/\/www.camping-ornans.com\/wp-content\/uploads\/2025\/10\/IMG_2654-420x315.webp\" width=\"420\" height=\"210\" loading=\"lazy\" alt=\"\" title=\"\"><\/picture><\/figure><figure class=\"gallery__item\"><picture><source srcset=\"https:\/\/www.camping-ornans.com\/wp-content\/uploads\/2025\/10\/photo_2023-05-21_17-49-19-420x315.webp\" media=\"(max-width: 210px)\"><source srcset=\"https:\/\/www.camping-ornans.com\/wp-content\/uploads\/2025\/10\/photo_2023-05-21_17-49-19-850x638.webp\" media=\"(max-width: 420px)\"><source srcset=\"https:\/\/www.camping-ornans.com\/wp-content\/uploads\/2025\/10\/photo_2023-05-21_17-49-19-768x576.webp\" media=\"(max-width: 850px)\"><source srcset=\"https:\/\/www.camping-ornans.com\/wp-content\/uploads\/2025\/10\/photo_2023-05-21_17-49-19-1024x768.webp\" media=\"(max-width: 1024px)\"><source srcset=\"https:\/\/www.camping-ornans.com\/wp-content\/uploads\/2025\/10\/photo_2023-05-21_17-49-19.webp\" media=\"(min-width: 1025px)\"><img decoding=\"async\" src=\"https:\/\/www.camping-ornans.com\/wp-content\/uploads\/2025\/10\/photo_2023-05-21_17-49-19-420x315.webp\" width=\"420\" height=\"210\" loading=\"lazy\" alt=\"\" title=\"\"><\/picture><\/figure><\/div><\/div><div class=\"columns__item fade-right\" style=\"align-self:center;\"><h1>Gro\u00dfe <span class=\"fc-span\">Versammlungen, in La Roche d&#8217;Ully<\/span><\/h1><p    >Unter den Bergen des Doubs, in einem Tal, in dem die Loue pl\u00e4tschert, befindet sich ein Ort, der f\u00fcr Wiedersehen und gemeinsame Abenteuer geschaffen wurde: die \u00d6ko-Dom\u00e4ne La Roche d&#8217;Ully. Hier kommen Familien zusammen, Freunde treffen sich, Clubs und Vereine erwachen zum Leben und Firmenteams pflegen die Geselligkeit.   <\/p><p    >Ob es sich um eine <strong>Sportveranstaltung<\/strong> oder ein <strong>Seminar<\/strong> handelt, unser Landgut empf\u00e4ngt Gruppen in einer <strong>warmen und authentischen Atmosph\u00e4re<\/strong>, wo Mensch und Natur eins sind.<\/p><div class=\"lireplus fc-desk\"><p    >Lesen Sie mehr<\/p><div class=\"group\"><p    >Unser <strong>freundliches Team<\/strong> hat ein offenes Ohr f\u00fcr Ihre Bed\u00fcrfnisse, begleitet Sie bei jedem Schritt Ihres Aufenthalts und sorgt daf\u00fcr, dass Ihr Aufenthalt bei uns zu <strong>einer unvergesslichen Erinnerung<\/strong> wird. F\u00fcr die Liebhaber von Freiheit und Stra\u00dfen, <strong>Motorrad-<\/strong> <strong>und Fahrradgruppen<\/strong> finden hier einen friedlichen Zufluchtsort: gro\u00dfe Stellpl\u00e4tze, komfortable Unterk\u00fcnfte und ein Empfang, der auf diejenigen zugeschnitten ist, die in einer Gruppe reisen, mit Helm im Wind und einem L\u00e4cheln auf den Lippen. <\/p><\/div><\/div><\/div><\/div><figure class=\"deco ornement bas droite\"><picture><source srcset=\"https:\/\/www.camping-ornans.com\/wp-content\/uploads\/2024\/12\/deco-ornement-bd.webp\" media=\"(max-width: 210px)\"><source srcset=\"https:\/\/www.camping-ornans.com\/wp-content\/uploads\/2024\/12\/deco-ornement-bd.webp\" media=\"(max-width: 420px)\"><source srcset=\"https:\/\/www.camping-ornans.com\/wp-content\/uploads\/2024\/12\/deco-ornement-bd.webp\" media=\"(max-width: 850px)\"><source srcset=\"https:\/\/www.camping-ornans.com\/wp-content\/uploads\/2024\/12\/deco-ornement-bd.webp\" media=\"(max-width: 1024px)\"><source srcset=\"https:\/\/www.camping-ornans.com\/wp-content\/uploads\/2024\/12\/deco-ornement-bd.webp\" media=\"(min-width: 1025px)\"><img decoding=\"async\" src=\"https:\/\/www.camping-ornans.com\/wp-content\/uploads\/2024\/12\/deco-ornement-bd.webp\" width=\"420\" height=\"210\" loading=\"lazy\" alt=\"\" title=\"\"><\/picture><\/figure><\/div>\n\n<div class=\"group align-full has-bg has-dore-bg-color\" style=\"background-color:var(--dore);\"><div class=\"columns\" style=\"align-items:center;\"><div class=\"columns__item fade-left\" style=\"align-self:center;\"><h2 class=\"h1\">Im Zeichen des Teilens, <span class=\"fc-span\">ein ma\u00dfgeschneiderter Urlaub f\u00fcr Ihren Stamm<\/span><\/h2><p   id=\"gid_0\" >Ein Landgut ist in erster Linie eine Kunst des Zusammenlebens. Und in La Roche d&#8217;Ully ist alles daf\u00fcr vorgesehen, dass Ihre Gruppe den Aufenthalt <g id=\"gid_0\">in h\u00f6chstem Komfort<\/g> genie\u00dft. Ein ger\u00e4umiger <strong>Seminarraum<\/strong>, um sich zu treffen, moderne <strong>Cottages<\/strong> und <strong>Lodges<\/strong>, <strong>ungew\u00f6hnliche Unterk\u00fcnfte<\/strong> f\u00fcr Tr\u00e4umer und gro\u00dfe <strong>gr\u00fcne Stellpl\u00e4tze<\/strong>, auf denen jeder sein Zelt unter dem freundlichen Blick der Berge aufstellen kann.  <\/p><div class=\"lireplus fc-desk\"><p    >Lesen Sie mehr<\/p><div class=\"group\"><p    >Wir stellen <strong>Ihren Aufenthalt nach Ma\u00df<\/strong> zusammen, ganz nach Ihren W\u00fcnschen:<\/p><div class=\"group\"><ul><li><strong>ger\u00e4umige und komfortable Unterk\u00fcnfte<\/strong>, die in einer beruhigenden nat\u00fcrlichen Umgebung liegen,\n<\/li><li>verschiedene <strong>Restaurantangebote<\/strong> f\u00fcr jeden Appetit,\n<\/li><li>einen <strong>privaten Raum<\/strong> f\u00fcr Ihre Sitzungen oder festlichen Anl\u00e4sse,\n<\/li><li>und <strong>Dienstleistungen \u00e0 la carte<\/strong>, die auf Ihre Bed\u00fcrfnisse zugeschnitten sind.\n<\/li><\/ul><\/div><\/div><\/div><\/div><div class=\"columns__item fade-right\" style=\"align-self:center;\"><div class=\"gallery small\"><figure class=\"gallery__item\"><picture><source srcset=\"https:\/\/www.camping-ornans.com\/wp-content\/uploads\/2025\/10\/TR2024-29-315x420.webp\" media=\"(max-width: 210px)\"><source srcset=\"https:\/\/www.camping-ornans.com\/wp-content\/uploads\/2025\/10\/TR2024-29-638x850.webp\" media=\"(max-width: 420px)\"><source srcset=\"https:\/\/www.camping-ornans.com\/wp-content\/uploads\/2025\/10\/TR2024-29-768x1024.webp\" media=\"(max-width: 850px)\"><source srcset=\"https:\/\/www.camping-ornans.com\/wp-content\/uploads\/2025\/10\/TR2024-29-768x1024.webp\" media=\"(max-width: 1024px)\"><source srcset=\"https:\/\/www.camping-ornans.com\/wp-content\/uploads\/2025\/10\/TR2024-29.webp\" media=\"(min-width: 1025px)\"><img decoding=\"async\" src=\"https:\/\/www.camping-ornans.com\/wp-content\/uploads\/2025\/10\/TR2024-29-315x420.webp\" width=\"420\" height=\"210\" loading=\"lazy\" alt=\"\" title=\"\"><\/picture><\/figure><\/div><\/div><\/div><\/div>","protected":false},"excerpt":{"rendered":"<p>Gruppen und gemeinsame Momente im Bann von Mutter Natur Gro\u00dfe Versammlungen, in La Roche d&#8217;Ully Unter den Bergen des Doubs, in einem Tal, in dem die Loue pl\u00e4tschert, befindet sich ein Ort, der f\u00fcr Wiedersehen und gemeinsame Abenteuer geschaffen wurde: die \u00d6ko-Dom\u00e4ne La Roche d&#8217;Ully. Hier kommen Familien zusammen, Freunde treffen sich, Clubs und Vereine [&hellip;]<\/p>\n","protected":false},"author":1,"featured_media":0,"parent":0,"menu_order":0,"comment_status":"open","ping_status":"open","template":"","meta":{"_acf_changed":false,"footnotes":""},"acf":[],"_links":{"self":[{"href":"https:\/\/www.camping-ornans.com\/de\/wp-json\/wp\/v2\/pages\/1214"}],"collection":[{"href":"https:\/\/www.camping-ornans.com\/de\/wp-json\/wp\/v2\/pages"}],"about":[{"href":"https:\/\/www.camping-ornans.com\/de\/wp-json\/wp\/v2\/types\/page"}],"author":[{"embeddable":true,"href":"https:\/\/www.camping-ornans.com\/de\/wp-json\/wp\/v2\/users\/1"}],"replies":[{"embeddable":true,"href":"https:\/\/www.camping-ornans.com\/de\/wp-json\/wp\/v2\/comments?post=1214"}],"version-history":[{"count":2,"href":"https:\/\/www.camping-ornans.com\/de\/wp-json\/wp\/v2\/pages\/1214\/revisions"}],"predecessor-version":[{"id":1341,"href":"https:\/\/www.camping-ornans.com\/de\/wp-json\/wp\/v2\/pages\/1214\/revisions\/1341"}],"wp:attachment":[{"href":"https:\/\/www.camping-ornans.com\/de\/wp-json\/wp\/v2\/media?parent=1214"}],"curies":[{"name":"wp","href":"https:\/\/api.w.org\/{rel}","templated":true}]}}