{"id":1217,"date":"2025-10-06T09:15:56","date_gmt":"2025-10-06T07:15:56","guid":{"rendered":"https:\/\/www.camping-ornans.com\/plaetze\/"},"modified":"2025-11-19T15:12:04","modified_gmt":"2025-11-19T14:12:04","slug":"plaetze","status":"publish","type":"page","link":"https:\/\/www.camping-ornans.com\/de\/plaetze\/","title":{"rendered":"Pl\u00e4tze"},"content":{"rendered":"<div class=\"diaporama-header align-full\"><div class=\"gallery\"><figure class=\"gallery__item\"><picture><source srcset=\"https:\/\/www.camping-ornans.com\/wp-content\/uploads\/2025\/10\/Group-4-420x282.webp\" media=\"(max-width: 210px)\"><source srcset=\"https:\/\/www.camping-ornans.com\/wp-content\/uploads\/2025\/10\/Group-4-850x571.webp\" media=\"(max-width: 420px)\"><source srcset=\"https:\/\/www.camping-ornans.com\/wp-content\/uploads\/2025\/10\/Group-4-768x516.webp\" media=\"(max-width: 850px)\"><source srcset=\"https:\/\/www.camping-ornans.com\/wp-content\/uploads\/2025\/10\/Group-4-1024x688.webp\" media=\"(max-width: 1024px)\"><source srcset=\"https:\/\/www.camping-ornans.com\/wp-content\/uploads\/2025\/10\/Group-4.webp\" media=\"(min-width: 1025px)\"><img loading=\"lazy\" decoding=\"async\" src=\"https:\/\/www.camping-ornans.com\/wp-content\/uploads\/2025\/10\/Group-4-420x282.webp\" width=\"420\" height=\"210\" alt=\"\" title=\"\"><\/picture><\/figure><\/div><div class=\"diaporama-header__inner\"><p class=\"wording center\" style=\"text-align: center;\"  >Wo der Wald fl\u00fcstert: <span class=\"fc-span\">Ihre magischen Pl\u00e4tze im Herzen der Natur<\/span><\/p><\/div><\/div>\n\n<div class=\"group align-full has-bg has-dore-bg-color\" style=\"background-color:var(--dore);\"><div class=\"columns\"><div class=\"columns__item fade-left\" style=\"align-self:center;\"><h1 class=\"h1\">Unter B\u00e4umen, <span class=\"fc-span\">wo man sein Zelthaus aufstellt<\/span><\/h1><p   id=\"gid_1\" >Im Tal, wo die Loue ihre Geheimnisse summt und die Steine von Ornans streichelt, erstrecken sich unsere <strong>Stellpl\u00e4tze<\/strong> wie kleine gr\u00fcne K\u00f6nigreiche. Auf einem <g id=\"gid_1\">flachen, grasbewachsenen Gel\u00e4nde<\/g> findet jeder seinen Platz, am Rande eines lichtdurchfluteten Weges oder in der N\u00e4he des rauschenden Flusses. Die <strong>Parzellen<\/strong> sind ger\u00e4umig und gut abgegrenzt und bieten allen Komfort f\u00fcr Reisende in <strong>Zelten<\/strong>, <strong>Wohnwagen<\/strong> oder <strong>Wohnmobilen<\/strong>.  <\/p><div class=\"lireplus fc-mob\"><p    >Lesen Sie mehr<\/p><div class=\"group\"><p    >Hier ist alles auf Einfachheit ausgelegt: keine Menschenmassen, kein L\u00e4rm, nur die Natur, das Licht und die Sanftheit eines Aufenthalts im Freien &#8211; im ruhigen Rhythmus des Tals. Man kommt, um sich zu verankern, zu atmen und mit dem Wahrsten der Natur wieder in Verbindung zu treten. Und wenn die Loue in der Ferne singt, denkt man, dass die Legenden der Franche-Comt\u00e9 vielleicht gar nicht so weit von der Wahrheit entfernt sind&#8230;  <\/p><\/div><\/div><div class=\"buttons\"><span class=\"buttons__btn btn-resa-empl\">Meine Klammer buchen<\/span><\/div><figure class=\"deco relative bas droite\"><picture><source srcset=\"https:\/\/www.camping-ornans.com\/wp-content\/uploads\/2024\/12\/deco-fee-vert.webp\" media=\"(max-width: 210px)\"><source srcset=\"https:\/\/www.camping-ornans.com\/wp-content\/uploads\/2024\/12\/deco-fee-vert.webp\" media=\"(max-width: 420px)\"><source srcset=\"https:\/\/www.camping-ornans.com\/wp-content\/uploads\/2024\/12\/deco-fee-vert.webp\" media=\"(max-width: 850px)\"><source srcset=\"https:\/\/www.camping-ornans.com\/wp-content\/uploads\/2024\/12\/deco-fee-vert.webp\" media=\"(max-width: 1024px)\"><source srcset=\"https:\/\/www.camping-ornans.com\/wp-content\/uploads\/2024\/12\/deco-fee-vert.webp\" media=\"(min-width: 1025px)\"><img decoding=\"async\" src=\"https:\/\/www.camping-ornans.com\/wp-content\/uploads\/2024\/12\/deco-fee-vert.webp\" width=\"420\" height=\"210\" loading=\"lazy\" alt=\"\" title=\"\"><\/picture><\/figure><\/div><div class=\"columns__item debordement fade-up\" style=\"align-self:flex-end;\" data-fc=\"\"><div class=\"gallery\"><figure class=\"gallery__item\"><picture><source srcset=\"https:\/\/www.camping-ornans.com\/wp-content\/uploads\/2025\/10\/IMG_8979-e1761727309438-394x420.webp\" media=\"(max-width: 210px)\"><source srcset=\"https:\/\/www.camping-ornans.com\/wp-content\/uploads\/2025\/10\/IMG_8979-e1761727309438-797x850.webp\" media=\"(max-width: 420px)\"><source srcset=\"https:\/\/www.camping-ornans.com\/wp-content\/uploads\/2025\/10\/IMG_8979-e1761727309438-768x819.webp\" media=\"(max-width: 850px)\"><source srcset=\"https:\/\/www.camping-ornans.com\/wp-content\/uploads\/2025\/10\/IMG_8979-1024x768.webp\" media=\"(max-width: 1024px)\"><source srcset=\"https:\/\/www.camping-ornans.com\/wp-content\/uploads\/2025\/10\/IMG_8979-e1761727309438.webp\" media=\"(min-width: 1025px)\"><img decoding=\"async\" src=\"https:\/\/www.camping-ornans.com\/wp-content\/uploads\/2025\/10\/IMG_8979-e1761727309438-394x420.webp\" width=\"420\" height=\"210\" loading=\"lazy\" alt=\"\" title=\"\"><\/picture><\/figure><\/div><\/div><\/div><\/div>\n\n<div class=\"group align-full has-bg has-vert-bg-color\" style=\"background-color:var(--vert);\"><div class=\"columns reverse-mob\" style=\"align-items:center;\"><div class=\"columns__item fade-left\" style=\"align-self:center;\"><div class=\"gallery grid\"><figure class=\"gallery__item\"><picture><source srcset=\"https:\/\/www.camping-ornans.com\/wp-content\/uploads\/2025\/10\/95E1F482-D58C-433C-9CFF-744FE6B395ED-420x236.webp\" media=\"(max-width: 210px)\"><source srcset=\"https:\/\/www.camping-ornans.com\/wp-content\/uploads\/2025\/10\/95E1F482-D58C-433C-9CFF-744FE6B395ED-850x478.webp\" media=\"(max-width: 420px)\"><source srcset=\"https:\/\/www.camping-ornans.com\/wp-content\/uploads\/2025\/10\/95E1F482-D58C-433C-9CFF-744FE6B395ED-768x432.webp\" media=\"(max-width: 850px)\"><source srcset=\"https:\/\/www.camping-ornans.com\/wp-content\/uploads\/2025\/10\/95E1F482-D58C-433C-9CFF-744FE6B395ED-1024x576.webp\" media=\"(max-width: 1024px)\"><source srcset=\"https:\/\/www.camping-ornans.com\/wp-content\/uploads\/2025\/10\/95E1F482-D58C-433C-9CFF-744FE6B395ED.webp\" media=\"(min-width: 1025px)\"><img decoding=\"async\" src=\"https:\/\/www.camping-ornans.com\/wp-content\/uploads\/2025\/10\/95E1F482-D58C-433C-9CFF-744FE6B395ED-420x236.webp\" width=\"420\" height=\"210\" loading=\"lazy\" alt=\"\" title=\"\"><\/picture><\/figure><figure class=\"gallery__item\"><picture><source srcset=\"https:\/\/www.camping-ornans.com\/wp-content\/uploads\/2025\/10\/IMG_3398-1-420x296.webp\" media=\"(max-width: 210px)\"><source srcset=\"https:\/\/www.camping-ornans.com\/wp-content\/uploads\/2025\/10\/IMG_3398-1-850x599.webp\" media=\"(max-width: 420px)\"><source srcset=\"https:\/\/www.camping-ornans.com\/wp-content\/uploads\/2025\/10\/IMG_3398-1-768x541.webp\" media=\"(max-width: 850px)\"><source srcset=\"https:\/\/www.camping-ornans.com\/wp-content\/uploads\/2025\/10\/IMG_3398-1-1024x722.webp\" media=\"(max-width: 1024px)\"><source srcset=\"https:\/\/www.camping-ornans.com\/wp-content\/uploads\/2025\/10\/IMG_3398-1.webp\" media=\"(min-width: 1025px)\"><img decoding=\"async\" src=\"https:\/\/www.camping-ornans.com\/wp-content\/uploads\/2025\/10\/IMG_3398-1-420x296.webp\" width=\"420\" height=\"210\" loading=\"lazy\" alt=\"\" title=\"\"><\/picture><\/figure><\/div><\/div><div class=\"columns__item fade-right\" style=\"align-self:center;\"><h2>Komfort unter freiem <span class=\"fc-span\">Himmel, Freiheit und Gelassenheit im Herzen des Doubs<\/span><\/h2><p    >Jeder Stellplatz verf\u00fcgt \u00fcber einen <strong>10A Stromanschluss<\/strong> (europ\u00e4ische Steckdose &#8211; denken Sie an Ihren Adapter) und der Zugang zu <strong>Trinkwasser<\/strong> befindet sich in der N\u00e4he. Die modernen, beheizten und gepflegten <strong>Sanit\u00e4ranlagen<\/strong> verf\u00fcgen \u00fcber <strong>Duschkabinen, Waschbecken, Geschirr- und W\u00e4schebeh\u00e4lter<\/strong>. Ein Geschirrsp\u00fcler wird angeboten, da er umweltfreundlicher ist als das Sp\u00fclen von Hand. F\u00fcr Reisende mit kleinen Kindern stehen ein <strong>Kinderzimmer<\/strong> und ein <strong>Familienblock<\/strong> zur Verf\u00fcgung.   <\/p><div class=\"lireplus fc-mob\"><p    >Lesen Sie mehr<\/p><div class=\"group\"><p    >Nomadische Camper finden hier auch <strong>einen Entsorgungsplatz f\u00fcr Wohnmobile<\/strong> und eine <strong>F\u00fcllstelle f\u00fcr klares Wasser<\/strong>. Das Anwesen sorgt f\u00fcr die Ruhe seiner G\u00e4ste: nachts sind die <strong>Markierungen sanft<\/strong>, um den Sternen Platz zu machen; tags\u00fcber sorgen <strong>Ruhe<\/strong> und <strong>Gr\u00fcn<\/strong> f\u00fcr einen seltenen Frieden. <\/p><\/div><\/div><\/div><\/div><figure class=\"deco ornement bas droite\"><picture><source srcset=\"https:\/\/www.camping-ornans.com\/wp-content\/uploads\/2024\/12\/deco-ornement-bd.webp\" media=\"(max-width: 210px)\"><source srcset=\"https:\/\/www.camping-ornans.com\/wp-content\/uploads\/2024\/12\/deco-ornement-bd.webp\" media=\"(max-width: 420px)\"><source srcset=\"https:\/\/www.camping-ornans.com\/wp-content\/uploads\/2024\/12\/deco-ornement-bd.webp\" media=\"(max-width: 850px)\"><source srcset=\"https:\/\/www.camping-ornans.com\/wp-content\/uploads\/2024\/12\/deco-ornement-bd.webp\" media=\"(max-width: 1024px)\"><source srcset=\"https:\/\/www.camping-ornans.com\/wp-content\/uploads\/2024\/12\/deco-ornement-bd.webp\" media=\"(min-width: 1025px)\"><img decoding=\"async\" src=\"https:\/\/www.camping-ornans.com\/wp-content\/uploads\/2024\/12\/deco-ornement-bd.webp\" width=\"420\" height=\"210\" loading=\"lazy\" alt=\"\" title=\"\"><\/picture><\/figure><\/div>","protected":false},"excerpt":{"rendered":"<p>Wo der Wald fl\u00fcstert: Ihre magischen Pl\u00e4tze im Herzen der Natur Unter B\u00e4umen, wo man sein Zelthaus aufstellt Im Tal, wo die Loue ihre Geheimnisse summt und die Steine von Ornans streichelt, erstrecken sich unsere Stellpl\u00e4tze wie kleine gr\u00fcne K\u00f6nigreiche. Auf einem flachen, grasbewachsenen Gel\u00e4nde findet jeder seinen Platz, am Rande eines lichtdurchfluteten Weges oder [&hellip;]<\/p>\n","protected":false},"author":1,"featured_media":0,"parent":0,"menu_order":0,"comment_status":"open","ping_status":"open","template":"","meta":{"_acf_changed":false,"footnotes":""},"acf":[],"_links":{"self":[{"href":"https:\/\/www.camping-ornans.com\/de\/wp-json\/wp\/v2\/pages\/1217"}],"collection":[{"href":"https:\/\/www.camping-ornans.com\/de\/wp-json\/wp\/v2\/pages"}],"about":[{"href":"https:\/\/www.camping-ornans.com\/de\/wp-json\/wp\/v2\/types\/page"}],"author":[{"embeddable":true,"href":"https:\/\/www.camping-ornans.com\/de\/wp-json\/wp\/v2\/users\/1"}],"replies":[{"embeddable":true,"href":"https:\/\/www.camping-ornans.com\/de\/wp-json\/wp\/v2\/comments?post=1217"}],"version-history":[{"count":3,"href":"https:\/\/www.camping-ornans.com\/de\/wp-json\/wp\/v2\/pages\/1217\/revisions"}],"predecessor-version":[{"id":1331,"href":"https:\/\/www.camping-ornans.com\/de\/wp-json\/wp\/v2\/pages\/1217\/revisions\/1331"}],"wp:attachment":[{"href":"https:\/\/www.camping-ornans.com\/de\/wp-json\/wp\/v2\/media?parent=1217"}],"curies":[{"name":"wp","href":"https:\/\/api.w.org\/{rel}","templated":true}]}}