{"id":1228,"date":"2025-10-06T09:15:56","date_gmt":"2025-10-06T07:15:56","guid":{"rendered":"https:\/\/www.camping-ornans.com\/oekologische-verpflichtungen\/"},"modified":"2025-11-20T15:48:50","modified_gmt":"2025-11-20T14:48:50","slug":"oekologische-verpflichtungen","status":"publish","type":"page","link":"https:\/\/www.camping-ornans.com\/de\/oekologische-verpflichtungen\/","title":{"rendered":"\u00d6kologische Verpflichtungen"},"content":{"rendered":"<div class=\"diaporama-header align-full\"><div class=\"gallery\"><figure class=\"gallery__item\"><picture><source srcset=\"https:\/\/www.camping-ornans.com\/wp-content\/uploads\/2025\/10\/jardin-petite-fille-2-420x280.webp\" media=\"(max-width: 210px)\"><source srcset=\"https:\/\/www.camping-ornans.com\/wp-content\/uploads\/2025\/10\/jardin-petite-fille-2-850x567.webp\" media=\"(max-width: 420px)\"><source srcset=\"https:\/\/www.camping-ornans.com\/wp-content\/uploads\/2025\/10\/jardin-petite-fille-2-768x512.webp\" media=\"(max-width: 850px)\"><source srcset=\"https:\/\/www.camping-ornans.com\/wp-content\/uploads\/2025\/10\/jardin-petite-fille-2-1024x683.webp\" media=\"(max-width: 1024px)\"><source srcset=\"https:\/\/www.camping-ornans.com\/wp-content\/uploads\/2025\/10\/jardin-petite-fille-2.webp\" media=\"(min-width: 1025px)\"><img loading=\"lazy\" decoding=\"async\" src=\"https:\/\/www.camping-ornans.com\/wp-content\/uploads\/2025\/10\/jardin-petite-fille-2-420x280.webp\" width=\"420\" height=\"210\" alt=\"\" title=\"\"><\/picture><\/figure><\/div><div class=\"diaporama-header__inner\"><p class=\"wording center\" style=\"text-align: center;\"  >In dieser Naturumgebung <span class=\"fc-span\">schaffen wir einen dauerhaften Zauber<\/span>.<\/p><\/div><\/div><div class=\"group align-full has-bg has-vert-bg-color\" style=\"background-color:var(--vert);\"><div class=\"columns\" style=\"align-items:center;\"><div class=\"columns__item fade-up\" style=\"align-self:center;\"><div class=\"gallery\"><figure class=\"gallery__item\"><picture><source srcset=\"https:\/\/www.camping-ornans.com\/wp-content\/uploads\/2025\/10\/nichoirs-280x420.webp\" media=\"(max-width: 210px)\"><source srcset=\"https:\/\/www.camping-ornans.com\/wp-content\/uploads\/2025\/10\/nichoirs-567x850.webp\" media=\"(max-width: 420px)\"><source srcset=\"https:\/\/www.camping-ornans.com\/wp-content\/uploads\/2025\/10\/nichoirs-768x1152.webp\" media=\"(max-width: 850px)\"><source srcset=\"https:\/\/www.camping-ornans.com\/wp-content\/uploads\/2025\/10\/nichoirs-683x1024.webp\" media=\"(max-width: 1024px)\"><source srcset=\"https:\/\/www.camping-ornans.com\/wp-content\/uploads\/2025\/10\/nichoirs.webp\" media=\"(min-width: 1025px)\"><img decoding=\"async\" src=\"https:\/\/www.camping-ornans.com\/wp-content\/uploads\/2025\/10\/nichoirs-280x420.webp\" width=\"420\" height=\"210\" loading=\"lazy\" alt=\"\" title=\"\"><\/picture><\/figure><\/div><\/div><div class=\"columns__item fade-right\" style=\"align-self:center;\"><h1 class=\"h1\">W\u00e4chter des Tals, <span class=\"fc-span\">unsere Verpflichtungen<\/span><\/h1><p    >Im Loue-Tal ist die Natur nicht nur eine Kulisse, sondern ein Verb\u00fcndeter, ein alter W\u00e4chter, mit dem wir in Harmonie leben. Auf dem Landgut La Roche d&#8217;Ully ist jede Geste und jede Entscheidung von einer tiefen Verpflichtung gepr\u00e4gt: die Sch\u00f6nheit der Welt zu bewahren und unseren G\u00e4sten einen authentischen und verantwortungsbewussten Aufenthalt zu bieten. <\/p><p    >Nachhaltige Entwicklung ist hier kein Versprechen, sondern ein Weg, den wir jeden Tag gehen &#8211; ein Weg des gesunden Menschenverstands und des Respekts. Wir streben nach <strong>Null-Abfall<\/strong>, indem wir den Verbrauch von Ressourcen einschr\u00e4nken, unsere Landschaften sch\u00fctzen und allem, was ein zweites Leben hat, ein zweites Leben geben. <\/p><div class=\"lireplus fc-desk\"><p    >Lesen Sie mehr<\/p><div class=\"group\"><p    >Unsere <strong>M\u00fclltrennung<\/strong> wird verst\u00e4rkt, unsere <strong>Restaurants<\/strong> werden neu gestaltet, um weniger Abfall zu erzeugen, und unsere <strong>Partnerschaften mit lokalen Vereinen<\/strong> erm\u00f6glichen es uns, die Lebensdauer jeder Ressource zu verl\u00e4ngern.<\/p><p    >Im Lebensmittelgesch\u00e4ft stammen die meisten Produkte aus <strong>lokalen und biologischen<\/strong> Quellen, mit <strong>einem Minimum an Verpackung<\/strong> und <strong>einem geringen CO2-Aussto\u00df<\/strong>. In dieser gr\u00fcnen Oase wird nichts dem Zufall \u00fcberlassen: jeder gepflanzte Same, jede Geste erz\u00e4hlt von unserer Verbundenheit mit der Erde. <\/p><\/div><\/div><\/div><\/div><figure class=\"deco ornement bas droite\"><picture><source srcset=\"https:\/\/www.camping-ornans.com\/wp-content\/uploads\/2024\/12\/deco-ornement-bd.webp\" media=\"(max-width: 210px)\"><source srcset=\"https:\/\/www.camping-ornans.com\/wp-content\/uploads\/2024\/12\/deco-ornement-bd.webp\" media=\"(max-width: 420px)\"><source srcset=\"https:\/\/www.camping-ornans.com\/wp-content\/uploads\/2024\/12\/deco-ornement-bd.webp\" media=\"(max-width: 850px)\"><source srcset=\"https:\/\/www.camping-ornans.com\/wp-content\/uploads\/2024\/12\/deco-ornement-bd.webp\" media=\"(max-width: 1024px)\"><source srcset=\"https:\/\/www.camping-ornans.com\/wp-content\/uploads\/2024\/12\/deco-ornement-bd.webp\" media=\"(min-width: 1025px)\"><img decoding=\"async\" src=\"https:\/\/www.camping-ornans.com\/wp-content\/uploads\/2024\/12\/deco-ornement-bd.webp\" width=\"420\" height=\"210\" loading=\"lazy\" alt=\"\" title=\"\"><\/picture><\/figure><\/div><div class=\"group align-full has-bg has-dore-bg-color\" style=\"background-color:var(--dore);\"><div class=\"columns\" style=\"align-items:center;\"><div class=\"columns__item fade-left\" style=\"align-self:center;\"><h2>Wasser, Atem des Lebens, <span class=\"fc-span\">Erhaltung und Neuerfindung der Ressource<\/span><\/h2><p    >Das Wasser der Loue singt jeden Morgen in unseren Ohren und wir verdanken ihm das Leben auf dem Weingut. Wir sind uns seines Wertes bewusst und haben die von der ADEME unterst\u00fctzte <strong>Charta &#8222;Plan de Sobri\u00e9t\u00e9 E<\/strong>au&#8220; unterzeichnet, um unseren Verbrauch bis 2030 um 10 % zu senken.   <\/p><div class=\"lireplus fc-desk\"><p    >Lesen Sie mehr<\/p><div class=\"group\"><p    >Unsere <strong>Wasserh\u00e4hne<\/strong> sind mit einer Begrenzung auf <strong>6 Liter\/Minute<\/strong> ausgestattet, die <strong>Warmwasserbereiter<\/strong> in einigen Unterk\u00fcnften nutzen die Umgebungsw\u00e4rme und das<strong>Regenwasser<\/strong> n\u00e4hrt unsere G\u00e4rten. Selbst in den Sanit\u00e4ranlagen gibt es einen <strong>kostenlosen und schnellen Geschirrsp\u00fcler<\/strong>, um diese wertvolle Ressource zu schonen. Jeder Tropfen z\u00e4hlt, jede Geste auch. So zirkuliert das Wasser, regeneriert sich, wird geteilt &#8211; wie ein Versprechen zwischen dem Tal und uns.   <\/p><\/div><\/div><figure class=\"deco relative bas droite\"><picture><source srcset=\"https:\/\/www.camping-ornans.com\/wp-content\/uploads\/2024\/12\/deco-fee-bordeaux.webp\" media=\"(max-width: 210px)\"><source srcset=\"https:\/\/www.camping-ornans.com\/wp-content\/uploads\/2024\/12\/deco-fee-bordeaux.webp\" media=\"(max-width: 420px)\"><source srcset=\"https:\/\/www.camping-ornans.com\/wp-content\/uploads\/2024\/12\/deco-fee-bordeaux.webp\" media=\"(max-width: 850px)\"><source srcset=\"https:\/\/www.camping-ornans.com\/wp-content\/uploads\/2024\/12\/deco-fee-bordeaux.webp\" media=\"(max-width: 1024px)\"><source srcset=\"https:\/\/www.camping-ornans.com\/wp-content\/uploads\/2024\/12\/deco-fee-bordeaux.webp\" media=\"(min-width: 1025px)\"><img decoding=\"async\" src=\"https:\/\/www.camping-ornans.com\/wp-content\/uploads\/2024\/12\/deco-fee-bordeaux.webp\" width=\"420\" height=\"210\" loading=\"lazy\" alt=\"\" title=\"\"><\/picture><\/figure><\/div><div class=\"columns__item fade-right\" style=\"align-self:center;\"><div class=\"gallery grid\"><figure class=\"gallery__item\"><picture><source srcset=\"https:\/\/www.camping-ornans.com\/wp-content\/uploads\/2025\/10\/nps-SP-Ully755-420x279.webp\" media=\"(max-width: 210px)\"><source srcset=\"https:\/\/www.camping-ornans.com\/wp-content\/uploads\/2025\/10\/nps-SP-Ully755-850x565.webp\" media=\"(max-width: 420px)\"><source srcset=\"https:\/\/www.camping-ornans.com\/wp-content\/uploads\/2025\/10\/nps-SP-Ully755-768x511.webp\" media=\"(max-width: 850px)\"><source srcset=\"https:\/\/www.camping-ornans.com\/wp-content\/uploads\/2025\/10\/nps-SP-Ully755-1024x681.webp\" media=\"(max-width: 1024px)\"><source srcset=\"https:\/\/www.camping-ornans.com\/wp-content\/uploads\/2025\/10\/nps-SP-Ully755.webp\" media=\"(min-width: 1025px)\"><img decoding=\"async\" src=\"https:\/\/www.camping-ornans.com\/wp-content\/uploads\/2025\/10\/nps-SP-Ully755-420x279.webp\" width=\"420\" height=\"210\" loading=\"lazy\" alt=\"\" title=\"\"><\/picture><\/figure><figure class=\"gallery__item\"><picture><source srcset=\"https:\/\/www.camping-ornans.com\/wp-content\/uploads\/2025\/10\/vue-camping-pomme-420x280.webp\" media=\"(max-width: 210px)\"><source srcset=\"https:\/\/www.camping-ornans.com\/wp-content\/uploads\/2025\/10\/vue-camping-pomme-850x566.webp\" media=\"(max-width: 420px)\"><source srcset=\"https:\/\/www.camping-ornans.com\/wp-content\/uploads\/2025\/10\/vue-camping-pomme-768x512.webp\" media=\"(max-width: 850px)\"><source srcset=\"https:\/\/www.camping-ornans.com\/wp-content\/uploads\/2025\/10\/vue-camping-pomme-1024x682.webp\" media=\"(max-width: 1024px)\"><source srcset=\"https:\/\/www.camping-ornans.com\/wp-content\/uploads\/2025\/10\/vue-camping-pomme.webp\" media=\"(min-width: 1025px)\"><img decoding=\"async\" src=\"https:\/\/www.camping-ornans.com\/wp-content\/uploads\/2025\/10\/vue-camping-pomme-420x280.webp\" width=\"420\" height=\"210\" loading=\"lazy\" alt=\"\" title=\"\"><\/picture><\/figure><\/div><\/div><\/div><\/div><div class=\"cover fade-down align-full\"><picture class=\"cover__img\"><source srcset=\"https:\/\/www.camping-ornans.com\/wp-content\/uploads\/2025\/10\/IMG_1135-420x280.webp\" media=\"(max-width: 210px)\"><source srcset=\"https:\/\/www.camping-ornans.com\/wp-content\/uploads\/2025\/10\/IMG_1135-850x568.webp\" media=\"(max-width: 420px)\"><source srcset=\"https:\/\/www.camping-ornans.com\/wp-content\/uploads\/2025\/10\/IMG_1135-768x513.webp\" media=\"(max-width: 850px)\"><source srcset=\"https:\/\/www.camping-ornans.com\/wp-content\/uploads\/2025\/10\/IMG_1135-1024x684.webp\" media=\"(max-width: 1024px)\"><source srcset=\"https:\/\/www.camping-ornans.com\/wp-content\/uploads\/2025\/10\/IMG_1135.webp\" media=\"(min-width: 1025px)\"><img decoding=\"async\" src=\"https:\/\/www.camping-ornans.com\/wp-content\/uploads\/2025\/10\/IMG_1135-420x280.webp\" width=\"420\" height=\"210\" loading=\"lazy\" alt=\"\" title=\"\"><\/picture><div class=\"cover__inner\"><p class=\"center\" style=\"text-align: center;\"  ><\/p><\/div><\/div><div class=\"group align-full has-bg has-dore-bg-color\" style=\"background-color:var(--dore);\"><h2 class=\"h1\" style=\"text-align: center;\">Licht und Feuer, <span class=\"fc-span\">auf dem Weg zur Energieautonomie<\/span><\/h2><p class=\"mini center\" style=\"text-align: center;\"  >Wenn die Nacht \u00fcber das Tal hereinbricht, erstrahlen die Wege in einem sanften Licht: <strong>Solarlampen<\/strong>, die nach und nach die herk\u00f6mmliche Beleuchtung ersetzen. <strong>LED-Lampen<\/strong>, <strong>Zeitschaltuhren<\/strong> in den \u00f6ffentlichen Bereichen und die <strong>Holzheizung im Wasserpark<\/strong> sind Teil unseres Strebens nach Autonomie. <\/p><div class=\"lireplus fc-desk\"><p class=\"center\" style=\"text-align: center;\"  >Lesen Sie mehr<\/p><div class=\"group\"><p class=\"mini center\" style=\"text-align: center;\"  >  Jede Saison machen wir Fortschritte in Richtung einer <strong>saubereren, leichteren und respektvolleren Energie<\/strong>: <strong>elektrische Ger\u00e4te<\/strong> werden aufgrund ihres geringen Verbrauchs ausgew\u00e4hlt, <strong>elektrische Heizungen<\/strong> werden durch <strong>leistungsf\u00e4hige Akkus<\/strong> ersetzt und das Licht scheint nur noch dort, wo es gebraucht wird. So wird selbst die Flamme, die das Wasser im Pool erw\u00e4rmt, zu einem Symbol: das Symbol einer kontrollierten Energie, eines freundlichen Feuers. <\/p><\/div><\/div><\/div><div class=\"group align-full has-bg has-vert-bg-color\" style=\"background-color:var(--vert);\"><div class=\"columns\" style=\"align-items:center;\"><div class=\"columns__item fade-left\" style=\"align-self:center;\"><div class=\"gallery grid\"><figure class=\"gallery__item\"><picture><source srcset=\"https:\/\/www.camping-ornans.com\/wp-content\/uploads\/2025\/10\/IMG_2674-315x420.webp\" media=\"(max-width: 210px)\"><source srcset=\"https:\/\/www.camping-ornans.com\/wp-content\/uploads\/2025\/10\/IMG_2674-638x850.webp\" media=\"(max-width: 420px)\"><source srcset=\"https:\/\/www.camping-ornans.com\/wp-content\/uploads\/2025\/10\/IMG_2674-768x1024.webp\" media=\"(max-width: 850px)\"><source srcset=\"https:\/\/www.camping-ornans.com\/wp-content\/uploads\/2025\/10\/IMG_2674-768x1024.webp\" media=\"(max-width: 1024px)\"><source srcset=\"https:\/\/www.camping-ornans.com\/wp-content\/uploads\/2025\/10\/IMG_2674.webp\" media=\"(min-width: 1025px)\"><img decoding=\"async\" src=\"https:\/\/www.camping-ornans.com\/wp-content\/uploads\/2025\/10\/IMG_2674-315x420.webp\" width=\"420\" height=\"210\" loading=\"lazy\" alt=\"\" title=\"\"><\/picture><\/figure><figure class=\"gallery__item\"><picture><source srcset=\"https:\/\/www.camping-ornans.com\/wp-content\/uploads\/2025\/10\/IMG_6670-e1760964223837-327x420.webp\" media=\"(max-width: 210px)\"><source srcset=\"https:\/\/www.camping-ornans.com\/wp-content\/uploads\/2025\/10\/IMG_6670-e1760964223837-662x850.webp\" media=\"(max-width: 420px)\"><source srcset=\"https:\/\/www.camping-ornans.com\/wp-content\/uploads\/2025\/10\/IMG_6670-768x576.webp\" media=\"(max-width: 850px)\"><source srcset=\"https:\/\/www.camping-ornans.com\/wp-content\/uploads\/2025\/10\/IMG_6670-1024x768.webp\" media=\"(max-width: 1024px)\"><source srcset=\"https:\/\/www.camping-ornans.com\/wp-content\/uploads\/2025\/10\/IMG_6670-e1760964223837.webp\" media=\"(min-width: 1025px)\"><img decoding=\"async\" src=\"https:\/\/www.camping-ornans.com\/wp-content\/uploads\/2025\/10\/IMG_6670-e1760964223837-327x420.webp\" width=\"420\" height=\"210\" loading=\"lazy\" alt=\"\" title=\"\"><\/picture><\/figure><\/div><\/div><div class=\"columns__item fade-right\" style=\"align-self:center;\"><h2>Der Geist des Ortes <span class=\"fc-span\">, zwischen Respekt, Teilen und Staunen<\/span><\/h2><p    >Wir haben uns schon lange daf\u00fcr entschieden, <strong>keine Pflanzenschutzmittel<\/strong> zu verwenden. Hier w\u00e4chst die Natur frei, die Hecken bl\u00fchen und die Wildblumen tanzen im Wind. In Zusammenarbeit mit der <strong>FREDON<\/strong> und dem <strong>Ministerium f\u00fcr den \u00f6kologischen Wandel<\/strong> pflegen wir das Anwesen im Respekt vor dem Leben.    <\/p><p    >Unser <strong>H\u00e4ckselgut<\/strong> ersetzt die Unkrautvernichtung, unsere <strong>Brachfl\u00e4chen<\/strong> erneuern den Boden und die <strong>Vogelschutzliga (LPO)<\/strong> wacht an unserer Seite. <strong>Nistk\u00e4sten f\u00fcr V\u00f6gel und Insekten<\/strong> sind auf den Wegen verteilt, wie kleine Feenh\u00e4user. <\/p><div class=\"lireplus fc-desk\"><p    >Lesen Sie mehr<\/p><div class=\"group\"><p    >F\u00fcr die Pflege ist keine Chemie erforderlich: <strong>ozonisiertes Wasser<\/strong>, <strong>Essig<\/strong> und <strong>\u00d6l<\/strong> reichen aus, um das Anwesen in neuem Glanz erstrahlen zu lassen. Aber \u00fcber die Gesten hinaus ist es eine <strong>Geisteshaltung<\/strong>: die einer Dom\u00e4ne mit menschlicher Gr\u00f6\u00dfe, warm und lebendig. Hier werden <strong>Wohlbefinden, Geselligkeit, Entdeckungen und Emotionen<\/strong> kultiviert. Man genie\u00dft einen Sonnenuntergang, teilt ein L\u00e4cheln und tankt einfach neue Energie.   <br\/><\/p><\/div><\/div><\/div><\/div><figure class=\"deco ornement bas droite\"><picture><source srcset=\"https:\/\/www.camping-ornans.com\/wp-content\/uploads\/2024\/12\/deco-ornement-bd.webp\" media=\"(max-width: 210px)\"><source srcset=\"https:\/\/www.camping-ornans.com\/wp-content\/uploads\/2024\/12\/deco-ornement-bd.webp\" media=\"(max-width: 420px)\"><source srcset=\"https:\/\/www.camping-ornans.com\/wp-content\/uploads\/2024\/12\/deco-ornement-bd.webp\" media=\"(max-width: 850px)\"><source srcset=\"https:\/\/www.camping-ornans.com\/wp-content\/uploads\/2024\/12\/deco-ornement-bd.webp\" media=\"(max-width: 1024px)\"><source srcset=\"https:\/\/www.camping-ornans.com\/wp-content\/uploads\/2024\/12\/deco-ornement-bd.webp\" media=\"(min-width: 1025px)\"><img decoding=\"async\" src=\"https:\/\/www.camping-ornans.com\/wp-content\/uploads\/2024\/12\/deco-ornement-bd.webp\" width=\"420\" height=\"210\" loading=\"lazy\" alt=\"\" title=\"\"><\/picture><\/figure><\/div><div class=\"group align-full has-bg has-dore-bg-color\" style=\"background-color:var(--dore);\"><p class=\"h3 center\" style=\"text-align: center;\"  >Und weil diese Bem\u00fchungen Anerkennung verdienen, ist unsere Dom\u00e4ne :<\/p><p class=\"center\" style=\"text-align: center;\"  >Seit 2017 mit <strong>dem Europ\u00e4ischen Umweltzeichen<\/strong> ausgezeichnet (mehr als 80 Kriterien f\u00fcr nachhaltige Entwicklung) ;<\/p><p class=\"center\" style=\"text-align: center;\"  >Seit 2020 <strong>als Camping Qualit\u00e9 klassifiziert<\/strong> (mehr als 700 Kriterien, davon 30 f\u00fcr nachhaltigen Tourismus) ;<\/p><p class=\"center\" style=\"text-align: center;\"  ><strong>Ausgezeichnet mit dem G\u00fctesiegel f\u00fcr soziale Verantwortung der Unternehmen<\/strong>;<\/p><p class=\"center\" style=\"text-align: center;\"  >Seit 2015 mit <strong>dem Label Tourisme &amp; Handicap<\/strong> f\u00fcr 4 Behinderungen ausgezeichnet;<\/p><p class=\"center\" style=\"text-align: center;\"  >Seit 2024 <strong>als &#8222;Accueil V\u00e9lo<\/strong> et <strong>Motards Bienvenue<\/strong> &#8220; <strong>registriert<\/strong>.<\/p><figure class=\"deco boxage bas droite fade-right\"><picture><source srcset=\"https:\/\/www.camping-ornans.com\/wp-content\/uploads\/2024\/12\/deco-fee-bordeaux.webp\" media=\"(max-width: 210px)\"><source srcset=\"https:\/\/www.camping-ornans.com\/wp-content\/uploads\/2024\/12\/deco-fee-bordeaux.webp\" media=\"(max-width: 420px)\"><source srcset=\"https:\/\/www.camping-ornans.com\/wp-content\/uploads\/2024\/12\/deco-fee-bordeaux.webp\" media=\"(max-width: 850px)\"><source srcset=\"https:\/\/www.camping-ornans.com\/wp-content\/uploads\/2024\/12\/deco-fee-bordeaux.webp\" media=\"(max-width: 1024px)\"><source srcset=\"https:\/\/www.camping-ornans.com\/wp-content\/uploads\/2024\/12\/deco-fee-bordeaux.webp\" media=\"(min-width: 1025px)\"><img decoding=\"async\" src=\"https:\/\/www.camping-ornans.com\/wp-content\/uploads\/2024\/12\/deco-fee-bordeaux.webp\" width=\"420\" height=\"210\" loading=\"lazy\" alt=\"\" title=\"\"><\/picture><\/figure><\/div>","protected":false},"excerpt":{"rendered":"<p>In dieser Naturumgebung schaffen wir einen dauerhaften Zauber. W\u00e4chter des Tals, unsere Verpflichtungen Im Loue-Tal ist die Natur nicht nur eine Kulisse, sondern ein Verb\u00fcndeter, ein alter W\u00e4chter, mit dem wir in Harmonie leben. Auf dem Landgut La Roche d&#8217;Ully ist jede Geste und jede Entscheidung von einer tiefen Verpflichtung gepr\u00e4gt: die Sch\u00f6nheit der Welt [&hellip;]<\/p>\n","protected":false},"author":1,"featured_media":0,"parent":0,"menu_order":0,"comment_status":"open","ping_status":"open","template":"","meta":{"_acf_changed":false,"footnotes":""},"acf":[],"_links":{"self":[{"href":"https:\/\/www.camping-ornans.com\/de\/wp-json\/wp\/v2\/pages\/1228"}],"collection":[{"href":"https:\/\/www.camping-ornans.com\/de\/wp-json\/wp\/v2\/pages"}],"about":[{"href":"https:\/\/www.camping-ornans.com\/de\/wp-json\/wp\/v2\/types\/page"}],"author":[{"embeddable":true,"href":"https:\/\/www.camping-ornans.com\/de\/wp-json\/wp\/v2\/users\/1"}],"replies":[{"embeddable":true,"href":"https:\/\/www.camping-ornans.com\/de\/wp-json\/wp\/v2\/comments?post=1228"}],"version-history":[{"count":2,"href":"https:\/\/www.camping-ornans.com\/de\/wp-json\/wp\/v2\/pages\/1228\/revisions"}],"predecessor-version":[{"id":1357,"href":"https:\/\/www.camping-ornans.com\/de\/wp-json\/wp\/v2\/pages\/1228\/revisions\/1357"}],"wp:attachment":[{"href":"https:\/\/www.camping-ornans.com\/de\/wp-json\/wp\/v2\/media?parent=1228"}],"curies":[{"name":"wp","href":"https:\/\/api.w.org\/{rel}","templated":true}]}}