{"id":1237,"date":"2025-10-06T09:15:56","date_gmt":"2025-10-06T07:15:56","guid":{"rendered":"https:\/\/www.camping-ornans.com\/umgebung\/"},"modified":"2025-11-19T13:58:17","modified_gmt":"2025-11-19T12:58:17","slug":"umgebung","status":"publish","type":"page","link":"https:\/\/www.camping-ornans.com\/de\/umgebung\/","title":{"rendered":"Umgebung"},"content":{"rendered":"<div class=\"diaporama-header align-full\"><div class=\"gallery\"><figure class=\"gallery__item\"><picture><source srcset=\"https:\/\/www.camping-ornans.com\/wp-content\/uploads\/2025\/10\/Ornans2-420x279.webp\" media=\"(max-width: 210px)\"><source srcset=\"https:\/\/www.camping-ornans.com\/wp-content\/uploads\/2025\/10\/Ornans2-850x565.webp\" media=\"(max-width: 420px)\"><source srcset=\"https:\/\/www.camping-ornans.com\/wp-content\/uploads\/2025\/10\/Ornans2-768x511.webp\" media=\"(max-width: 850px)\"><source srcset=\"https:\/\/www.camping-ornans.com\/wp-content\/uploads\/2025\/10\/Ornans2-1024x681.webp\" media=\"(max-width: 1024px)\"><source srcset=\"https:\/\/www.camping-ornans.com\/wp-content\/uploads\/2025\/10\/Ornans2.webp\" media=\"(min-width: 1025px)\"><img loading=\"lazy\" decoding=\"async\" src=\"https:\/\/www.camping-ornans.com\/wp-content\/uploads\/2025\/10\/Ornans2-420x279.webp\" width=\"420\" height=\"210\" alt=\"\" title=\"\"><\/picture><\/figure><\/div><div class=\"diaporama-header__inner\"><p class=\"wording center\" style=\"text-align: center;\"  >Tr\u00e4umen Sie in der Natur, <span class=\"fc-span\">erforschen Sie die Wunder um uns herum.<\/span><\/p><\/div><\/div><div class=\"group align-full has-bg has-dore-bg-color\" style=\"background-color:var(--dore);\"><div class=\"columns\"><div class=\"columns__item fade-left\" style=\"align-self:center;\"><h1 class=\"h1\">Das Tal der Loue: <span class=\"fc-span\">zwischen Natur und Legenden<\/span><\/h1><p    >Es gibt ein Tal, in dem das Wasser singt, der Stein spricht und jeder Wind ein Fl\u00fcstern aus alter Zeit mit sich bringt. Das <strong>Loue-Tal<\/strong> ist eine von der Zeit und den Erz\u00e4hlungen geformte Naturschatulle. Seine Landschaften, mal sanft, mal wild, scheinen die Erinnerung an die Menschen, die sie betreten haben, zu bewahren. Hier ist die Natur lebendig, die Stille hat eine Stimme und jeder Pfad f\u00fchrt zu einer Geschichte.   <\/p><div class=\"lireplus fc-desk\"><p    >Lesen Sie mehr<\/p><div class=\"group\"><p    >Auf den markierten Wegen, die sich durch W\u00e4lder und Klippen schl\u00e4ngeln, wird der Wanderer zum Entdecker. Zu Fu\u00df, mit dem Fahrrad oder im Kanu mit der Str\u00f6mung, jeder zeichnet seine eigene Legende. Die Wagemutigsten wagen sich an die Kletterw\u00e4nde, in die tiefen H\u00f6hlen, wo das Echo noch von den Seelen der Vergangenheit erz\u00e4hlt, oder h\u00e4ngen an den Klettersteigen zwischen Himmel und Erde.  <\/p><\/div><\/div><div class=\"buttons\"><a href=\"https:\/\/www.camping-ornans.com\/de\/mietwohnungen\/\" rel=\"noreferrer noopener\" rel=\"noreferrer noopener\" class=\"buttons__btn\">Meine Klammer buchen<\/a><\/div><figure class=\"deco relative bas droite\"><picture><source srcset=\"https:\/\/www.camping-ornans.com\/wp-content\/uploads\/2024\/12\/deco-fee-vert.webp\" media=\"(max-width: 210px)\"><source srcset=\"https:\/\/www.camping-ornans.com\/wp-content\/uploads\/2024\/12\/deco-fee-vert.webp\" media=\"(max-width: 420px)\"><source srcset=\"https:\/\/www.camping-ornans.com\/wp-content\/uploads\/2024\/12\/deco-fee-vert.webp\" media=\"(max-width: 850px)\"><source srcset=\"https:\/\/www.camping-ornans.com\/wp-content\/uploads\/2024\/12\/deco-fee-vert.webp\" media=\"(max-width: 1024px)\"><source srcset=\"https:\/\/www.camping-ornans.com\/wp-content\/uploads\/2024\/12\/deco-fee-vert.webp\" media=\"(min-width: 1025px)\"><img decoding=\"async\" src=\"https:\/\/www.camping-ornans.com\/wp-content\/uploads\/2024\/12\/deco-fee-vert.webp\" width=\"420\" height=\"210\" loading=\"lazy\" alt=\"\" title=\"\"><\/picture><\/figure><\/div><div class=\"columns__item debordement fade-up\" style=\"align-self:flex-end;\" data-fc=\"\"><div class=\"gallery\"><figure class=\"gallery__item\"><picture><source srcset=\"https:\/\/www.camping-ornans.com\/wp-content\/uploads\/2025\/10\/AdobeStock_217258021-280x420.webp\" media=\"(max-width: 210px)\"><source srcset=\"https:\/\/www.camping-ornans.com\/wp-content\/uploads\/2025\/10\/AdobeStock_217258021-567x850.webp\" media=\"(max-width: 420px)\"><source srcset=\"https:\/\/www.camping-ornans.com\/wp-content\/uploads\/2025\/10\/AdobeStock_217258021-768x1152.webp\" media=\"(max-width: 850px)\"><source srcset=\"https:\/\/www.camping-ornans.com\/wp-content\/uploads\/2025\/10\/AdobeStock_217258021-683x1024.webp\" media=\"(max-width: 1024px)\"><source srcset=\"https:\/\/www.camping-ornans.com\/wp-content\/uploads\/2025\/10\/AdobeStock_217258021.webp\" media=\"(min-width: 1025px)\"><img decoding=\"async\" src=\"https:\/\/www.camping-ornans.com\/wp-content\/uploads\/2025\/10\/AdobeStock_217258021-280x420.webp\" width=\"420\" height=\"210\" loading=\"lazy\" alt=\"\" title=\"\"><\/picture><\/figure><\/div><\/div><\/div><\/div><div class=\"group align-full has-bg has-vert-bg-color\" style=\"background-color:var(--vert);\"><div class=\"columns reverse-mob\" style=\"align-items:center;\"><div class=\"columns__item fade-left\" style=\"align-self:center;\"><div class=\"gallery grid\"><figure class=\"gallery__item\"><picture><source srcset=\"https:\/\/www.camping-ornans.com\/wp-content\/uploads\/2025\/10\/IMG_6662-420x269.webp\" media=\"(max-width: 210px)\"><source srcset=\"https:\/\/www.camping-ornans.com\/wp-content\/uploads\/2025\/10\/IMG_6662-850x545.webp\" media=\"(max-width: 420px)\"><source srcset=\"https:\/\/www.camping-ornans.com\/wp-content\/uploads\/2025\/10\/IMG_6662-768x492.webp\" media=\"(max-width: 850px)\"><source srcset=\"https:\/\/www.camping-ornans.com\/wp-content\/uploads\/2025\/10\/IMG_6662-1024x656.webp\" media=\"(max-width: 1024px)\"><source srcset=\"https:\/\/www.camping-ornans.com\/wp-content\/uploads\/2025\/10\/IMG_6662.webp\" media=\"(min-width: 1025px)\"><img decoding=\"async\" src=\"https:\/\/www.camping-ornans.com\/wp-content\/uploads\/2025\/10\/IMG_6662-420x269.webp\" width=\"420\" height=\"210\" loading=\"lazy\" alt=\"\" title=\"\"><\/picture><\/figure><figure class=\"gallery__item\"><picture><source srcset=\"https:\/\/www.camping-ornans.com\/wp-content\/uploads\/2025\/10\/IMG_5118-420x315.webp\" media=\"(max-width: 210px)\"><source srcset=\"https:\/\/www.camping-ornans.com\/wp-content\/uploads\/2025\/10\/IMG_5118-850x638.webp\" media=\"(max-width: 420px)\"><source srcset=\"https:\/\/www.camping-ornans.com\/wp-content\/uploads\/2025\/10\/IMG_5118-768x576.webp\" media=\"(max-width: 850px)\"><source srcset=\"https:\/\/www.camping-ornans.com\/wp-content\/uploads\/2025\/10\/IMG_5118-1024x768.webp\" media=\"(max-width: 1024px)\"><source srcset=\"https:\/\/www.camping-ornans.com\/wp-content\/uploads\/2025\/10\/IMG_5118.webp\" media=\"(min-width: 1025px)\"><img decoding=\"async\" src=\"https:\/\/www.camping-ornans.com\/wp-content\/uploads\/2025\/10\/IMG_5118-420x315.webp\" width=\"420\" height=\"210\" loading=\"lazy\" alt=\"\" title=\"\"><\/picture><\/figure><\/div><\/div><div class=\"columns__item fade-right\" style=\"align-self:center;\"><h2>Land der Geschichte <span class=\"fc-span\">und der Erinnerung<\/span><\/h2><p   id=\"https:\/\/haut-doubs.org\/\" >Wenn Sie sich die Zeit nehmen, dem Tal zuzuh\u00f6ren, wird es Ihnen seine Geheimnisse verraten. Jeder Stein, jeder Brunnen, jeder Kirchturm erz\u00e4hlt ein St\u00fcck vom <a href=\"https:\/\/haut-doubs.org\/\" target=\"_blank\" data-type=\"link\" data-id=\"https:\/\/haut-doubs.org\/\" rel=\"noreferrer noopener\">Doubs<\/a> und vom <strong>Jura<\/strong>, Land der Traditionen und des alten Wissens. <\/p><p   id=\"https:\/\/musee-courbet.fr\/\" >Die Museen sind wie offene Schatzkammern: das <strong>Comtoiser Trachtenmuseum<\/strong>, das Museum der <strong>Weinberge<\/strong> und der <strong>K\u00e4serei<\/strong>, aber auch das <a href=\"https:\/\/musee-courbet.fr\/\" target=\"_blank\" data-type=\"link\" data-id=\"https:\/\/musee-courbet.fr\/\" rel=\"noreferrer noopener\">Gustave Courbet Museum<\/a> in <a href=\"https:\/\/www.ornans.fr\/\" target=\"_blank\" data-type=\"link\" data-id=\"https:\/\/www.ornans.fr\/\" rel=\"noreferrer noopener\">Ornans<\/a>, wo die Gem\u00e4lde des Meisters noch immer vom Atem der Loue zu vibrieren scheinen. Hier verschmelzen Kunst und Natur, als ob sie schon immer dieselbe Sprache gesprochen h\u00e4tten.<\/p><\/div><\/div><figure class=\"deco ornement bas droite\"><picture><source srcset=\"https:\/\/www.camping-ornans.com\/wp-content\/uploads\/2024\/12\/deco-ornement-bd.webp\" media=\"(max-width: 210px)\"><source srcset=\"https:\/\/www.camping-ornans.com\/wp-content\/uploads\/2024\/12\/deco-ornement-bd.webp\" media=\"(max-width: 420px)\"><source srcset=\"https:\/\/www.camping-ornans.com\/wp-content\/uploads\/2024\/12\/deco-ornement-bd.webp\" media=\"(max-width: 850px)\"><source srcset=\"https:\/\/www.camping-ornans.com\/wp-content\/uploads\/2024\/12\/deco-ornement-bd.webp\" media=\"(max-width: 1024px)\"><source srcset=\"https:\/\/www.camping-ornans.com\/wp-content\/uploads\/2024\/12\/deco-ornement-bd.webp\" media=\"(min-width: 1025px)\"><img decoding=\"async\" src=\"https:\/\/www.camping-ornans.com\/wp-content\/uploads\/2024\/12\/deco-ornement-bd.webp\" width=\"420\" height=\"210\" loading=\"lazy\" alt=\"\" title=\"\"><\/picture><\/figure><\/div><div class=\"group align-full has-bg has-dore-bg-color\" style=\"background-color:var(--dore);\"><div class=\"columns\" style=\"align-items:center;\"><div class=\"columns__item fade-left\" style=\"align-self:center;\"><h2>Die Juwelen des Doubs <span class=\"fc-span\">und des Jura<\/span><\/h2><p   id=\"https:\/\/www.citadelle.com\/\" >Hinter den H\u00fcgeln und T\u00e4lern wachen andere Wunder. Die UNESCO-Stadt <a href=\"https:\/\/www.citadelle.com\/\" data-type=\"link\" data-id=\"https:\/\/www.citadelle.com\/\" target=\"_blank\" rel=\"noreferrer noopener\">Besan\u00e7on<\/a> erhebt sich stolz, bewacht von der <strong>Zitadelle von Vauban<\/strong>. Ihre Museen, Uhren und Stadtmauern erz\u00e4hlen demjenigen, der zuh\u00f6ren kann, tausend Jahre Geschichte. Und noch weiter entfernt enth\u00fcllen die Stra\u00dfen der <a href=\"https:\/\/www.bourgognefranchecomte.com\/\" data-type=\"link\" data-id=\"https:\/\/www.bourgognefranchecomte.com\/\" target=\"_blank\" rel=\"noreferrer noopener\">Franche-Comt\u00e9<\/a> ihre Sch\u00e4tze: die <a href=\"https:\/\/www.salineroyale.com\/\" target=\"_blank\" rel=\"noreferrer noopener\">K\u00f6niglichen Salinen von Arc-et-Senans<\/a>, das <a href=\"https:\/\/chateaudejoux.com\/\" target=\"_blank\" rel=\"noreferrer noopener\">Schloss von Joux<\/a>, wo Ritter und Legenden schlummern, die <a href=\"https:\/\/grotte-osselle.fr\/\" data-type=\"link\" data-id=\"https:\/\/grotte-osselle.fr\/\" rel=\"noopener\">Grotten von Osselle<\/a>, die <strong>Taillanderie von Nans-sous-Sainte-Anne<\/strong> oder auch die mittelalterliche Stadt <strong>Nozeroy<\/strong>, die in der Zeit erstarrt ist.   <\/p><div class=\"lireplus fc-mob\"><p    >Lesen Sie mehr<\/p><div class=\"group\"><p   id=\"https:\/\/www.montagnes-du-jura.fr\/\" >Hier beherbergen die Berge glitzernde Wasserf\u00e4lle, die Seen spiegeln den Himmel \u00fcber dem <a href=\"https:\/\/www.montagnes-du-jura.fr\/\" data-type=\"link\" data-id=\"https:\/\/www.montagnes-du-jura.fr\/\" target=\"_blank\" rel=\"noreferrer noopener\">Jura<\/a> wider und die Reben des &#8222;Vin jaune&#8220; und des &#8222;Vin de paille&#8220; verbreiten einen Duft der Ewigkeit.<\/p><\/div><\/div><\/div><div class=\"columns__item fade-right\" style=\"align-self:center;\"><div class=\"gallery small\"><figure class=\"gallery__item\"><picture><source srcset=\"https:\/\/www.camping-ornans.com\/wp-content\/uploads\/2025\/10\/Ornans-420x279.webp\" media=\"(max-width: 210px)\"><source srcset=\"https:\/\/www.camping-ornans.com\/wp-content\/uploads\/2025\/10\/Ornans-850x565.webp\" media=\"(max-width: 420px)\"><source srcset=\"https:\/\/www.camping-ornans.com\/wp-content\/uploads\/2025\/10\/Ornans-768x511.webp\" media=\"(max-width: 850px)\"><source srcset=\"https:\/\/www.camping-ornans.com\/wp-content\/uploads\/2025\/10\/Ornans-1024x681.webp\" media=\"(max-width: 1024px)\"><source srcset=\"https:\/\/www.camping-ornans.com\/wp-content\/uploads\/2025\/10\/Ornans.webp\" media=\"(min-width: 1025px)\"><img decoding=\"async\" src=\"https:\/\/www.camping-ornans.com\/wp-content\/uploads\/2025\/10\/Ornans-420x279.webp\" width=\"420\" height=\"210\" loading=\"lazy\" alt=\"\" title=\"\"><\/picture><\/figure><\/div><\/div><\/div><\/div><div class=\"group sec-05 large align-full has-bg has-vert-bg-color\" style=\"background-color:var(--vert);\"><h2 class=\"h1\" style=\"text-align: center;\">Der Geist der <span class=\"fc-span\">Franche-Comt\u00e9<\/span><\/h2><p class=\"mini center\" style=\"text-align: center;\"  >Und wenn der Abend \u00fcber das Tal hereinbricht, wenn die Reflexionen der Loue sich schlafen legen, dann bleibt in der Luft das Motto, das hier seit Jahrhunderten weitergegeben wird: <strong>&#8222;Comtois, ergibt sich? Nenni ma foi!&#8220;<\/strong> Denn in diesem charaktervollen Land ist die Seele frei, stolz und tief mit ihrer Legende verbunden.<\/p><div class=\"lireplus fc-desk\"><p class=\"center\" style=\"text-align: center;\"  >Sie k\u00f6nnen auch entdecken<\/p><div class=\"group\"><p class=\"center\" style=\"text-align: center;\"  ><a href=\"http:\/\/www.gouffredepoudrey.com\/\" target=\"_blank\" rel=\"noreferrer noopener\">Dinozoo pr\u00e4historischer Park, Gouffre de Poudrey<\/a> 15 Minuten von Ornans entfernt;<\/p><p class=\"center\" style=\"text-align: center;\"  ><a href=\"http:\/\/www.maisons-comtoises.org\/\" target=\"_blank\" rel=\"noreferrer noopener\">Museum der Comtoiser H\u00e4user in Nancray<\/a>, 20 Minuten von Ornans entfernt;<\/p><p class=\"center\" style=\"text-align: center;\"  ><a href=\"http:\/\/www.sautdudoubs.fr\/\" target=\"_blank\" rel=\"noreferrer noopener\">Le Saut du Doubs<\/a>, 40 Minuten von Ornans entfernt;<\/p><p class=\"center\" style=\"text-align: center;\"  ><a href=\"http:\/\/www.valleedelaloue.com\/\" target=\"_blank\" rel=\"noreferrer noopener\">Office du Tourisme du Pays d&#8217;Ornans Loue Lison:<\/a> 03 81 62 21 50;<\/p><p class=\"center\" style=\"text-align: center;\" id=\"https:\/\/www.assoplantescompagnes.fr\/\" ><a href=\"https:\/\/www.assoplantescompagnes.fr\/\" target=\"_blank\" data-type=\"link\" data-id=\"https:\/\/www.assoplantescompagnes.fr\/\" rel=\"noreferrer noopener\">Der Verein Les Plantes Compagnes<\/a> (Montgesoye) ;<\/p><p class=\"center\" style=\"text-align: center;\"  ><a href=\"https:\/\/fr-fr.facebook.com\/AuMarchedOrnans\/\" target=\"_blank\" rel=\"noreferrer noopener\">Association March\u00e9<\/a> \u00e0 Ornans ;<\/p><p class=\"center\" style=\"text-align: center;\"  ><a href=\"http:\/\/www.hameaudufromage.com\/fr\/\" target=\"_blank\" rel=\"noreferrer noopener\">Le Hameau du fromage<\/a> in Cl\u00e9ron ;<\/p><p class=\"center\" style=\"text-align: center;\"  ><a href=\"http:\/\/www.lesclarinescomtoises.fr\/\" target=\"_blank\" rel=\"noreferrer noopener\">Les Clarines Comtoises<\/a>, Produkte aus der Franche Comt\u00e9 (Dienstagsmarkt) ;<\/p><p class=\"center\" style=\"text-align: center;\"  ><a href=\"http:\/\/www.jurapeche.com\/\" target=\"_blank\" rel=\"noreferrer noopener\">Angelf\u00fchrer<\/a> Yves Faillenet (Ornans) ;<\/p><p class=\"center\" style=\"text-align: center;\"  ><a href=\"http:\/\/www.musee-horlogerie.com\/\" rel=\"noopener\">Uhrenmuseum<\/a> in Morteau ;<\/p><p class=\"center\" style=\"text-align: center;\" id=\"https:\/\/lafermedupoussin.wordpress.com\/\" ><a href=\"https:\/\/lafermedupoussin.wordpress.com\/\" target=\"_blank\" data-type=\"link\" data-id=\"https:\/\/lafermedupoussin.wordpress.com\/\" rel=\"noreferrer noopener\">La ferme du Poussin<\/a> (Merey sous Montrond) ;<\/p><p class=\"center\" style=\"text-align: center;\"  ><a href=\"http:\/\/www.lescampaines.com\/\" target=\"_blank\" rel=\"noreferrer noopener\">Freizeitpark Les Campaines<\/a> (Accolans) ;<\/p><\/div><\/div><figure class=\"deco ornement haut gauche\"><picture><source srcset=\"https:\/\/www.camping-ornans.com\/wp-content\/uploads\/2024\/12\/deco-ornement-hg.webp\" media=\"(max-width: 210px)\"><source srcset=\"https:\/\/www.camping-ornans.com\/wp-content\/uploads\/2024\/12\/deco-ornement-hg.webp\" media=\"(max-width: 420px)\"><source srcset=\"https:\/\/www.camping-ornans.com\/wp-content\/uploads\/2024\/12\/deco-ornement-hg.webp\" media=\"(max-width: 850px)\"><source srcset=\"https:\/\/www.camping-ornans.com\/wp-content\/uploads\/2024\/12\/deco-ornement-hg.webp\" media=\"(max-width: 1024px)\"><source srcset=\"https:\/\/www.camping-ornans.com\/wp-content\/uploads\/2024\/12\/deco-ornement-hg.webp\" media=\"(min-width: 1025px)\"><img decoding=\"async\" src=\"https:\/\/www.camping-ornans.com\/wp-content\/uploads\/2024\/12\/deco-ornement-hg.webp\" width=\"420\" height=\"210\" loading=\"lazy\" alt=\"\" title=\"\"><\/picture><\/figure><\/div>","protected":false},"excerpt":{"rendered":"<p>Tr\u00e4umen Sie in der Natur, erforschen Sie die Wunder um uns herum. Das Tal der Loue: zwischen Natur und Legenden Es gibt ein Tal, in dem das Wasser singt, der Stein spricht und jeder Wind ein Fl\u00fcstern aus alter Zeit mit sich bringt. Das Loue-Tal ist eine von der Zeit und den Erz\u00e4hlungen geformte Naturschatulle. [&hellip;]<\/p>\n","protected":false},"author":1,"featured_media":0,"parent":0,"menu_order":0,"comment_status":"open","ping_status":"open","template":"","meta":{"_acf_changed":false,"footnotes":""},"acf":[],"_links":{"self":[{"href":"https:\/\/www.camping-ornans.com\/de\/wp-json\/wp\/v2\/pages\/1237"}],"collection":[{"href":"https:\/\/www.camping-ornans.com\/de\/wp-json\/wp\/v2\/pages"}],"about":[{"href":"https:\/\/www.camping-ornans.com\/de\/wp-json\/wp\/v2\/types\/page"}],"author":[{"embeddable":true,"href":"https:\/\/www.camping-ornans.com\/de\/wp-json\/wp\/v2\/users\/1"}],"replies":[{"embeddable":true,"href":"https:\/\/www.camping-ornans.com\/de\/wp-json\/wp\/v2\/comments?post=1237"}],"version-history":[{"count":3,"href":"https:\/\/www.camping-ornans.com\/de\/wp-json\/wp\/v2\/pages\/1237\/revisions"}],"predecessor-version":[{"id":1285,"href":"https:\/\/www.camping-ornans.com\/de\/wp-json\/wp\/v2\/pages\/1237\/revisions\/1285"}],"wp:attachment":[{"href":"https:\/\/www.camping-ornans.com\/de\/wp-json\/wp\/v2\/media?parent=1237"}],"curies":[{"name":"wp","href":"https:\/\/api.w.org\/{rel}","templated":true}]}}