{"id":1243,"date":"2025-10-06T09:15:56","date_gmt":"2025-10-06T07:15:56","guid":{"rendered":"https:\/\/www.camping-ornans.com\/unternehmensseminare\/"},"modified":"2025-11-19T15:15:06","modified_gmt":"2025-11-19T14:15:06","slug":"unternehmensseminare","status":"publish","type":"page","link":"https:\/\/www.camping-ornans.com\/de\/unternehmensseminare\/","title":{"rendered":"Unternehmensseminare"},"content":{"rendered":"<div class=\"diaporama-header align-full\"><div class=\"gallery\"><figure class=\"gallery__item\"><picture><source srcset=\"https:\/\/www.camping-ornans.com\/wp-content\/uploads\/2025\/10\/Fichier_104-1-420x315.webp\" media=\"(max-width: 210px)\"><source srcset=\"https:\/\/www.camping-ornans.com\/wp-content\/uploads\/2025\/10\/Fichier_104-1-850x638.webp\" media=\"(max-width: 420px)\"><source srcset=\"https:\/\/www.camping-ornans.com\/wp-content\/uploads\/2025\/10\/Fichier_104-1-768x576.webp\" media=\"(max-width: 850px)\"><source srcset=\"https:\/\/www.camping-ornans.com\/wp-content\/uploads\/2025\/10\/Fichier_104-1-1024x769.webp\" media=\"(max-width: 1024px)\"><source srcset=\"https:\/\/www.camping-ornans.com\/wp-content\/uploads\/2025\/10\/Fichier_104-1.webp\" media=\"(min-width: 1025px)\"><img loading=\"lazy\" decoding=\"async\" src=\"https:\/\/www.camping-ornans.com\/wp-content\/uploads\/2025\/10\/Fichier_104-1-420x315.webp\" width=\"420\" height=\"210\" alt=\"\" title=\"\"><\/picture><\/figure><\/div><div class=\"diaporama-header__inner\"><p class=\"wording center\" style=\"text-align: center;\"  >Versammlungen und Teamzusammenhalt <span class=\"fc-span\">im Herzen eines zauberhaften Ortes<\/span><\/p><\/div><\/div>\n\n<div class=\"group align-full has-bg has-dore-bg-color\" style=\"background-color:var(--dore);\"><div class=\"columns\"><div class=\"columns__item fade-left\" style=\"align-self:center;\"><h1 class=\"h1\">Die Allianz der <span class=\"fc-span\">Geister, wenn das Team zum Stamm wird<\/span><\/h1><p    >In dem Tal, in dem die Loue fl\u00fcstert und die Natur inspiriert, wird die Dom\u00e4ne La Roche d&#8217;Ully \u2605\u2605\u2605\u2605 zum Schauplatz einer seltenen Alchimie: der des Zusammenhalts. Hier laufen die Teams nicht mehr aneinander vorbei, sondern finden sich wieder. Ein heller Saal \u00f6ffnet sich wie ein Schrein, in dem Ihre Ideen zum Leben erweckt werden. Ein U-f\u00f6rmiges Layout l\u00e4dt <strong>20 Teilnehmer<\/strong> <strong>zu<\/strong> <strong>intimeren<\/strong> <strong>Gespr\u00e4chen<\/strong> ein.<\/p><div class=\"lireplus fc-desk\"><p    >Lesen Sie mehr<\/p><div class=\"group\"><p    >Nur <strong>25 Minuten von Besan\u00e7on<\/strong>, <strong>1 Std. 15<\/strong> <strong>Min.<\/strong> <strong>von Dijon<\/strong> und <strong>2 Std. 30 Min. von Lyon<\/strong> entfernt, empf\u00e4ngt diese nat\u00fcrliche Oase Ihre <strong>Seminare und Firmenaufenthalte<\/strong> in einer <strong>freundlichen und inspirierenden<\/strong> Atmosph\u00e4re. Von der Ankunft bis zur letzten Kaffeenote k\u00fcmmert sich ein <strong>engagiertes Team<\/strong> um jedes Detail, lenkt Ihre Schritte, erf\u00fcllt Ihre Bed\u00fcrfnisse und stellt <strong>Ihren Aufenthalt<\/strong> ab <strong>2 Tagen \/ 1 Nacht nach<\/strong> Ma\u00df zusammen.<\/p><\/div><\/div><div class=\"buttons\"><span class=\"buttons__btn btn-resa\">Meine Klammer buchen<\/span><\/div><figure class=\"deco relative bas droite\"><picture><source srcset=\"https:\/\/www.camping-ornans.com\/wp-content\/uploads\/2024\/12\/deco-fee-vert.webp\" media=\"(max-width: 210px)\"><source srcset=\"https:\/\/www.camping-ornans.com\/wp-content\/uploads\/2024\/12\/deco-fee-vert.webp\" media=\"(max-width: 420px)\"><source srcset=\"https:\/\/www.camping-ornans.com\/wp-content\/uploads\/2024\/12\/deco-fee-vert.webp\" media=\"(max-width: 850px)\"><source srcset=\"https:\/\/www.camping-ornans.com\/wp-content\/uploads\/2024\/12\/deco-fee-vert.webp\" media=\"(max-width: 1024px)\"><source srcset=\"https:\/\/www.camping-ornans.com\/wp-content\/uploads\/2024\/12\/deco-fee-vert.webp\" media=\"(min-width: 1025px)\"><img decoding=\"async\" src=\"https:\/\/www.camping-ornans.com\/wp-content\/uploads\/2024\/12\/deco-fee-vert.webp\" width=\"420\" height=\"210\" loading=\"lazy\" alt=\"\" title=\"\"><\/picture><\/figure><\/div><div class=\"columns__item debordement fade-up\" style=\"align-self:flex-end;\" data-fc=\"\"><div class=\"gallery\"><figure class=\"gallery__item\"><picture><source srcset=\"https:\/\/www.camping-ornans.com\/wp-content\/uploads\/2025\/10\/salle_neige1-315x420.webp\" media=\"(max-width: 210px)\"><source srcset=\"https:\/\/www.camping-ornans.com\/wp-content\/uploads\/2025\/10\/salle_neige1-638x850.webp\" media=\"(max-width: 420px)\"><source srcset=\"https:\/\/www.camping-ornans.com\/wp-content\/uploads\/2025\/10\/salle_neige1-768x1024.webp\" media=\"(max-width: 850px)\"><source srcset=\"https:\/\/www.camping-ornans.com\/wp-content\/uploads\/2025\/10\/salle_neige1-768x1024.webp\" media=\"(max-width: 1024px)\"><source srcset=\"https:\/\/www.camping-ornans.com\/wp-content\/uploads\/2025\/10\/salle_neige1.webp\" media=\"(min-width: 1025px)\"><img decoding=\"async\" src=\"https:\/\/www.camping-ornans.com\/wp-content\/uploads\/2025\/10\/salle_neige1-315x420.webp\" width=\"420\" height=\"210\" loading=\"lazy\" alt=\"\" title=\"\"><\/picture><\/figure><\/div><\/div><\/div><\/div>\n\n<div class=\"group align-full has-bg has-vert-bg-color\" style=\"background-color:var(--vert);\"><div class=\"columns reverse-mob\" style=\"align-items:center;\"><div class=\"columns__item fade-left\" style=\"align-self:center;\"><div class=\"gallery grid\"><figure class=\"gallery__item\"><picture><source srcset=\"https:\/\/www.camping-ornans.com\/wp-content\/uploads\/2025\/10\/IMG_0661-420x315.webp\" media=\"(max-width: 210px)\"><source srcset=\"https:\/\/www.camping-ornans.com\/wp-content\/uploads\/2025\/10\/IMG_0661-850x638.webp\" media=\"(max-width: 420px)\"><source srcset=\"https:\/\/www.camping-ornans.com\/wp-content\/uploads\/2025\/10\/IMG_0661-768x576.webp\" media=\"(max-width: 850px)\"><source srcset=\"https:\/\/www.camping-ornans.com\/wp-content\/uploads\/2025\/10\/IMG_0661-1024x768.webp\" media=\"(max-width: 1024px)\"><source srcset=\"https:\/\/www.camping-ornans.com\/wp-content\/uploads\/2025\/10\/IMG_0661.webp\" media=\"(min-width: 1025px)\"><img decoding=\"async\" src=\"https:\/\/www.camping-ornans.com\/wp-content\/uploads\/2025\/10\/IMG_0661-420x315.webp\" width=\"420\" height=\"210\" loading=\"lazy\" alt=\"\" title=\"\"><\/picture><\/figure><figure class=\"gallery__item\"><picture><source srcset=\"https:\/\/www.camping-ornans.com\/wp-content\/uploads\/2025\/10\/IMG_0665-420x315.webp\" media=\"(max-width: 210px)\"><source srcset=\"https:\/\/www.camping-ornans.com\/wp-content\/uploads\/2025\/10\/IMG_0665-850x638.webp\" media=\"(max-width: 420px)\"><source srcset=\"https:\/\/www.camping-ornans.com\/wp-content\/uploads\/2025\/10\/IMG_0665-768x576.webp\" media=\"(max-width: 850px)\"><source srcset=\"https:\/\/www.camping-ornans.com\/wp-content\/uploads\/2025\/10\/IMG_0665-1024x768.webp\" media=\"(max-width: 1024px)\"><source srcset=\"https:\/\/www.camping-ornans.com\/wp-content\/uploads\/2025\/10\/IMG_0665.webp\" media=\"(min-width: 1025px)\"><img decoding=\"async\" src=\"https:\/\/www.camping-ornans.com\/wp-content\/uploads\/2025\/10\/IMG_0665-420x315.webp\" width=\"420\" height=\"210\" loading=\"lazy\" alt=\"\" title=\"\"><\/picture><\/figure><\/div><\/div><div class=\"columns__item fade-right\" style=\"align-self:center;\"><h2>Le hameau du partage, <span class=\"fc-span\">Unterk\u00fcnfte und Geschmackserlebnisse im Tal<\/span><\/h2><p    >Im Herzen des Landgutes warten <strong>56 Zimmer <\/strong>auf Ihre Mitarbeiter: Chalets, Cottages und Lodges, die Komfort und Authentizit\u00e4t miteinander verbinden. Von der <strong>Komfort-<\/strong> \u00fcber die <strong>Premium-<\/strong> bis hin zur<strong>atypischen<\/strong> Kategorie ist jede Unterkunft ein Kokon, in dem Sie sich nach den aufregenden Aktivit\u00e4ten erholen k\u00f6nnen. <strong>Die Betten sind bei der Ankunft gemacht<\/strong> und Handt\u00fccher sind optional. Alles ist bereit, damit sich der Geist auf das Wesentliche konzentrieren kann: Begegnung, Austausch, Inspiration.<\/p><div class=\"lireplus fc-desk\"><p    >Lesen Sie mehr<\/p><div class=\"group\"><p    >Und wenn die Zeit gekommen ist, sich zu treffen, \u00f6ffnet sich der <strong>Speisesaal<\/strong> zum Tageslicht und den D\u00fcften der Region. Die K\u00fcche ist einfach und gro\u00dfz\u00fcgig, mit <strong>frischen und lokalen Produkten<\/strong>: Kaffee und Geb\u00e4ck zur Begr\u00fc\u00dfung, Gourmetpausen, Mittag- und Abendessen in geselliger Runde. Auf der Terrasse werden Gespr\u00e4che gef\u00fchrt, Ideen ausgetauscht und Pl\u00e4ne geschmiedet.<\/p><\/div><\/div><\/div><\/div><figure class=\"deco ornement bas droite\"><picture><source srcset=\"https:\/\/www.camping-ornans.com\/wp-content\/uploads\/2024\/12\/deco-ornement-bd.webp\" media=\"(max-width: 210px)\"><source srcset=\"https:\/\/www.camping-ornans.com\/wp-content\/uploads\/2024\/12\/deco-ornement-bd.webp\" media=\"(max-width: 420px)\"><source srcset=\"https:\/\/www.camping-ornans.com\/wp-content\/uploads\/2024\/12\/deco-ornement-bd.webp\" media=\"(max-width: 850px)\"><source srcset=\"https:\/\/www.camping-ornans.com\/wp-content\/uploads\/2024\/12\/deco-ornement-bd.webp\" media=\"(max-width: 1024px)\"><source srcset=\"https:\/\/www.camping-ornans.com\/wp-content\/uploads\/2024\/12\/deco-ornement-bd.webp\" media=\"(min-width: 1025px)\"><img decoding=\"async\" src=\"https:\/\/www.camping-ornans.com\/wp-content\/uploads\/2024\/12\/deco-ornement-bd.webp\" width=\"420\" height=\"210\" loading=\"lazy\" alt=\"\" title=\"\"><\/picture><\/figure><\/div>\n\n<div class=\"group align-full has-bg has-dore-bg-color\" style=\"background-color:var(--dore);\"><div class=\"columns\" style=\"align-items:center;\"><div class=\"columns__item fade-left\" style=\"align-self:center;\"><h2 class=\"h1\">Die Spiele der Allianz, <span class=\"fc-span\">Entspannung und gemeinsame Abenteuer<\/span><\/h2><p    >Neben den Sitzungen wird das Anwesen zu einem Ort f\u00fcr Abenteuer und Entspannung. Zwischen den Gespr\u00e4chen k\u00f6nnen Ihre Teams <strong>den beheizten Wasserbereich<\/strong>, die <strong>Sauna<\/strong>, das <strong>Dampfbad<\/strong> oder den <strong>Jacuzzi<\/strong> nutzen oder sich beim <strong>Molky<\/strong>, <strong>Boule<\/strong> oder einem <strong>Gesellschaftsspiel<\/strong> messen.<\/p><p    >F\u00fcr die Mutigsten unter Ihnen k\u00f6nnen wir auch ma\u00dfgeschneiderte <strong>Aktivit\u00e4ten<\/strong> entwickeln: <strong>Ausfl\u00fcge mit dem Mountainbike oder Elektrofahrrad<\/strong>, <strong>Abendveranstaltungen<\/strong>, <strong>Zauber-<\/strong> oder <strong>Close-up-Shows<\/strong>&#8230; all diese Momente schwei\u00dfen zusammen und n\u00e4hren das kollektive Ged\u00e4chtnis.<\/p><div class=\"lireplus fc-desk\"><p    >Lesen Sie mehr<\/p><div class=\"group\"><p    >Und nur <strong>500 Meter von der Dom\u00e4ne<\/strong> entfernt liegt die Stadt Ornans, die mit ihren Gesch\u00e4ften, Gassen und dem Ufer der Loue zum Entdecken und Entspannen einl\u00e4dt.<br>Jedes Seminar wird so zu mehr als einer beruflichen Begegnung: zu einem <strong>menschlichen Epos<\/strong>, das von Austausch, Lachen und Natur gepr\u00e4gt ist.<\/p><\/div><\/div><\/div><div class=\"columns__item fade-right\" style=\"align-self:center;\"><div class=\"gallery small\"><figure class=\"gallery__item\"><picture><source srcset=\"https:\/\/www.camping-ornans.com\/wp-content\/uploads\/2025\/10\/Resto-seminaires-315x420.webp\" media=\"(max-width: 210px)\"><source srcset=\"https:\/\/www.camping-ornans.com\/wp-content\/uploads\/2025\/10\/Resto-seminaires-638x850.webp\" media=\"(max-width: 420px)\"><source srcset=\"https:\/\/www.camping-ornans.com\/wp-content\/uploads\/2025\/10\/Resto-seminaires.webp\" media=\"(max-width: 850px)\"><source srcset=\"https:\/\/www.camping-ornans.com\/wp-content\/uploads\/2025\/10\/Resto-seminaires.webp\" media=\"(max-width: 1024px)\"><source srcset=\"https:\/\/www.camping-ornans.com\/wp-content\/uploads\/2025\/10\/Resto-seminaires.webp\" media=\"(min-width: 1025px)\"><img decoding=\"async\" src=\"https:\/\/www.camping-ornans.com\/wp-content\/uploads\/2025\/10\/Resto-seminaires-315x420.webp\" width=\"420\" height=\"210\" loading=\"lazy\" alt=\"\" title=\"\"><\/picture><\/figure><\/div><\/div><\/div><\/div>","protected":false},"excerpt":{"rendered":"<p>Versammlungen und Teamzusammenhalt im Herzen eines zauberhaften Ortes Die Allianz der Geister, wenn das Team zum Stamm wird In dem Tal, in dem die Loue fl\u00fcstert und die Natur inspiriert, wird die Dom\u00e4ne La Roche d&#8217;Ully \u2605\u2605\u2605\u2605 zum Schauplatz einer seltenen Alchimie: der des Zusammenhalts. Hier laufen die Teams nicht mehr aneinander vorbei, sondern finden [&hellip;]<\/p>\n","protected":false},"author":1,"featured_media":0,"parent":0,"menu_order":0,"comment_status":"open","ping_status":"open","template":"","meta":{"_acf_changed":false,"footnotes":""},"acf":[],"_links":{"self":[{"href":"https:\/\/www.camping-ornans.com\/de\/wp-json\/wp\/v2\/pages\/1243"}],"collection":[{"href":"https:\/\/www.camping-ornans.com\/de\/wp-json\/wp\/v2\/pages"}],"about":[{"href":"https:\/\/www.camping-ornans.com\/de\/wp-json\/wp\/v2\/types\/page"}],"author":[{"embeddable":true,"href":"https:\/\/www.camping-ornans.com\/de\/wp-json\/wp\/v2\/users\/1"}],"replies":[{"embeddable":true,"href":"https:\/\/www.camping-ornans.com\/de\/wp-json\/wp\/v2\/comments?post=1243"}],"version-history":[{"count":3,"href":"https:\/\/www.camping-ornans.com\/de\/wp-json\/wp\/v2\/pages\/1243\/revisions"}],"predecessor-version":[{"id":1340,"href":"https:\/\/www.camping-ornans.com\/de\/wp-json\/wp\/v2\/pages\/1243\/revisions\/1340"}],"wp:attachment":[{"href":"https:\/\/www.camping-ornans.com\/de\/wp-json\/wp\/v2\/media?parent=1243"}],"curies":[{"name":"wp","href":"https:\/\/api.w.org\/{rel}","templated":true}]}}